{"id":909,"date":"2020-11-26T20:42:34","date_gmt":"2020-11-26T20:42:34","guid":{"rendered":"https:\/\/wegbegleitung-tierundmensch.ch\/?page_id=909"},"modified":"2023-11-21T16:00:16","modified_gmt":"2023-11-21T16:00:16","slug":"archaischer-hotpot","status":"publish","type":"page","link":"https:\/\/wegbegleitung-tierundmensch.ch\/index.php\/archaischer-hotpot\/","title":{"rendered":"Archaischer Hotpot"},"content":{"rendered":"\n<p>Unser alter Zuber hat leider ausgedient. Ein neuer gr\u00f6sserer Hotpot heissen wir willkommen.<\/p>\n\n\n\n<p>Kostbar und heilig entspringt das Wasser aus der Quelle, findet den Weg zu unserem Platz, in unseren Brunnen \u2013 unseren Lebensbrunnen. Langsam wird es \u2013 wie in Grossmutters Zeiten &#8211; im Holzofen vom Feuer erhitzt. Umringt von Wald und Sense wird dies ein Platz zum Bei-Sich-Ankommen und Durchatmen. <\/p>\n\n\n\n<figure class=\"wp-block-image size-large\"><img loading=\"lazy\" width=\"768\" height=\"1024\" src=\"https:\/\/wegbegleitung-tierundmensch.ch\/wp-content\/uploads\/2020\/11\/20200807_173901-1-768x1024.jpg\" alt=\"\" class=\"wp-image-914\" srcset=\"https:\/\/wegbegleitung-tierundmensch.ch\/wp-content\/uploads\/2020\/11\/20200807_173901-1-768x1024.jpg 768w, https:\/\/wegbegleitung-tierundmensch.ch\/wp-content\/uploads\/2020\/11\/20200807_173901-1-225x300.jpg 225w\" sizes=\"(max-width: 767px) 89vw, (max-width: 1000px) 54vw, (max-width: 1071px) 543px, 580px\" \/><\/figure>\n\n\n\n<p>F\u00fchle Dich willkommen! <\/p>\n\n\n\n<p>F\u00fchle Dich liebevoll getragen von den Kl\u00e4ngen und D\u00fcften der Natur, gereinigt vom heiligen Wasser dieses Platzes und gen\u00e4hrt vom achtsam gehaltenen Raum.<\/p>\n\n\n\n<p>Im Hotpot hat es f\u00fcr max. vier Menschen Platz. <\/p>\n\n\n\n<p><strong>Das Verw\u00f6hnangebot &#8222;archaischer Hot Demut&#8220; beinhaltet:<\/strong><\/p>\n\n\n\n<ul><li>ein Bad im Hotpot mit C\u00fcpli oder Sirup<\/li><li>ein vegetarisches\/veganes Ap\u00e9ropl\u00e4ttchen serviert im Hotpot<\/li><\/ul>\n\n\n\n<p>120.-\/Zuber, plus 15.-\/Person (Preis bitte in bar bezahlen)<\/p>\n\n\n\n<p><strong>Das Verw\u00f6hnangebot &#8222;archaischer Hotpot Kraft&#8220; beinhaltet:<\/strong><\/p>\n\n\n\n<ul><li>ein Bad im Hotpot mit C\u00fcpli oder Sirup<\/li><li>ein Dreigang-Abendessen (vegetarisch, nach Wunsch vegan)<\/li><\/ul>\n\n\n\n<p>120.-\/ Zuber, plus 80.-\/Person (Preis bitte in bar bezahlen)<\/p>\n\n\n\n<p><strong>Das Verw\u00f6hnangebot &#8222;archaischer Hotpot Luxus&#8220; beinhaltet:<\/strong><\/p>\n\n\n\n<ul><li>ein Bad im Hotpot mit C\u00fcpli oder Sirup<\/li><li>ein Dreigang-Abendessen (vegetarisch, nach Wunsch vegan)<\/li><li>eine \u00dcbernachtung<\/li><li>ein reichhaltiges Fr\u00fchst\u00fcck<\/li><\/ul>\n\n\n\n<p>120.-\/ Zuber, plus 200.-\/Person (Preis bitte in bar bezahlen)<\/p>\n","protected":false},"excerpt":{"rendered":"<p>Unser alter Zuber hat leider ausgedient. Ein neuer gr\u00f6sserer Hotpot heissen wir willkommen. Kostbar und heilig entspringt das Wasser aus der Quelle, findet den Weg zu unserem Platz, in unseren Brunnen \u2013 unseren Lebensbrunnen. Langsam wird es \u2013 wie in Grossmutters Zeiten &#8211; im Holzofen vom Feuer erhitzt. Umringt von Wald und Sense wird dies &hellip; <\/p>\n<p class=\"link-more\"><a href=\"https:\/\/wegbegleitung-tierundmensch.ch\/index.php\/archaischer-hotpot\/\" class=\"more-link\"><span class=\"screen-reader-text\">\u201eArchaischer Hotpot\u201c <\/span>weiterlesen<\/a><\/p>\n","protected":false},"author":1,"featured_media":0,"parent":0,"menu_order":0,"comment_status":"closed","ping_status":"closed","template":"","meta":[],"_links":{"self":[{"href":"https:\/\/wegbegleitung-tierundmensch.ch\/index.php\/wp-json\/wp\/v2\/pages\/909"}],"collection":[{"href":"https:\/\/wegbegleitung-tierundmensch.ch\/index.php\/wp-json\/wp\/v2\/pages"}],"about":[{"href":"https:\/\/wegbegleitung-tierundmensch.ch\/index.php\/wp-json\/wp\/v2\/types\/page"}],"author":[{"embeddable":true,"href":"https:\/\/wegbegleitung-tierundmensch.ch\/index.php\/wp-json\/wp\/v2\/users\/1"}],"replies":[{"embeddable":true,"href":"https:\/\/wegbegleitung-tierundmensch.ch\/index.php\/wp-json\/wp\/v2\/comments?post=909"}],"version-history":[{"count":14,"href":"https:\/\/wegbegleitung-tierundmensch.ch\/index.php\/wp-json\/wp\/v2\/pages\/909\/revisions"}],"predecessor-version":[{"id":1297,"href":"https:\/\/wegbegleitung-tierundmensch.ch\/index.php\/wp-json\/wp\/v2\/pages\/909\/revisions\/1297"}],"wp:attachment":[{"href":"https:\/\/wegbegleitung-tierundmensch.ch\/index.php\/wp-json\/wp\/v2\/media?parent=909"}],"curies":[{"name":"wp","href":"https:\/\/api.w.org\/{rel}","templated":true}]}}