{"id":755,"date":"2020-03-14T21:28:09","date_gmt":"2020-03-14T21:28:09","guid":{"rendered":"https:\/\/wegbegleitung-tierundmensch.ch\/?page_id=755"},"modified":"2021-06-10T19:06:38","modified_gmt":"2021-06-10T19:06:38","slug":"platz-zum-sein","status":"publish","type":"page","link":"https:\/\/wegbegleitung-tierundmensch.ch\/index.php\/platz-zum-sein\/","title":{"rendered":"Chraftplatz"},"content":{"rendered":"\n<p class=\"has-text-align-center\"><em> Dort, wo sich Himmel und Erde ber\u00fchren <\/em><br><em> Dort, wo die Grenzen vom Sichtbaren zum Unsichtbaren verschwinden <\/em><br><em> Dort, wo sich das Herz mit Liebe f\u00fcllt <\/em><br><em> Dort, findet das G\u00f6ttliche auf Erden.  <\/em> <\/p>\n\n\n\n<figure class=\"wp-block-image size-large\"><img loading=\"lazy\" width=\"1024\" height=\"768\" src=\"https:\/\/wegbegleitung-tierundmensch.ch\/wp-content\/uploads\/2020\/11\/20200701_211952-1024x768.jpg\" alt=\"\" class=\"wp-image-922\" srcset=\"https:\/\/wegbegleitung-tierundmensch.ch\/wp-content\/uploads\/2020\/11\/20200701_211952-1024x768.jpg 1024w, https:\/\/wegbegleitung-tierundmensch.ch\/wp-content\/uploads\/2020\/11\/20200701_211952-300x225.jpg 300w, https:\/\/wegbegleitung-tierundmensch.ch\/wp-content\/uploads\/2020\/11\/20200701_211952-768x576.jpg 768w\" sizes=\"(max-width: 767px) 89vw, (max-width: 1000px) 54vw, (max-width: 1071px) 543px, 580px\" \/><\/figure>\n\n\n\n<p>Sch\u00fctzend umringt vom Wald und der Sensefluh ruht das Haus &#8211; die alte Wagnerei &#8211; seit Jahrzehnten auf diesem Flecklein Erde. Nur f\u00fcr die Menschen sichtbar, welche sich die Zeit nehmen hinzuschauen. Da steht es &#8211; dieses Haus &#8211; und hatte genug Zeit, sich mit der Erde zu verwurzeln, sich an den Rhythmus und den Pulsschlag vom Platz anzugleichen, in Frieden in sich anzukommen. <\/p>\n\n\n\n<p>Ja und das sp\u00fcrt man &#8211; das Haus wirkt integriert ins grosse Ganze, atmet und tr\u00e4umt, vibriert und singt in der gleichen Sprache, wie die Natur, welche es umgibt. Vielleicht ist deswegen die Schaffenskraft an diesem Platz so stark sp\u00fcrbar, vielleicht ist es auch, weil dort seit jeher hart gearbeitet und erschaffen wurde. <\/p>\n\n\n\n<figure class=\"wp-block-image size-large\"><img loading=\"lazy\" width=\"1024\" height=\"768\" src=\"https:\/\/wegbegleitung-tierundmensch.ch\/wp-content\/uploads\/2020\/11\/20200731_200524-7-1024x768.jpg\" alt=\"\" class=\"wp-image-863\" srcset=\"https:\/\/wegbegleitung-tierundmensch.ch\/wp-content\/uploads\/2020\/11\/20200731_200524-7-1024x768.jpg 1024w, https:\/\/wegbegleitung-tierundmensch.ch\/wp-content\/uploads\/2020\/11\/20200731_200524-7-300x225.jpg 300w, https:\/\/wegbegleitung-tierundmensch.ch\/wp-content\/uploads\/2020\/11\/20200731_200524-7-768x576.jpg 768w\" sizes=\"(max-width: 767px) 89vw, (max-width: 1000px) 54vw, (max-width: 1071px) 543px, 580px\" \/><\/figure>\n\n\n\n<p>Das umliegende Land, der Wald, die Sense, die m\u00e4chtigen B\u00e4ume, das alles schwingt hoch, friedvoll, gn\u00e4dig, fair. Helva, die grosse G\u00f6ttin vom Sensegebiet ist an diesem Platz immer wieder gut sp\u00fcrbar. Doch auch andere Elementarwesen und Naturgeister werden vom Platz angezogen oder vielleicht machten sie den Platz erst zu dem, was er heute ist. Der Drache haust mit dem Uhu in den H\u00f6hlen der Sandsteinfluh. Es ist eine Kraft sp\u00fcrbar, welche von diesem Platz ausgeht. Eine uralte Kraft &#8211; eine URKRAFT. Sie zieht einem mit, ber\u00fchrt in unserer Essenz &#8211;  ein CHRAFTPLATZ.  <\/p>\n\n\n\n<p>Da wird mit viel K\u00f6rperkraft Grosses erbaut und kreiert, da wird mit viel Herzenskraft die Liebe und Verbundenheit zu unserem Heimatplaneten, der Natur, anderen Menschen und uns selber gelebt. <\/p>\n\n\n\n<figure class=\"wp-block-image size-large\"><img loading=\"lazy\" width=\"1024\" height=\"768\" src=\"https:\/\/wegbegleitung-tierundmensch.ch\/wp-content\/uploads\/2021\/02\/20201230_105701-1024x768.jpg\" alt=\"\" class=\"wp-image-961\" srcset=\"https:\/\/wegbegleitung-tierundmensch.ch\/wp-content\/uploads\/2021\/02\/20201230_105701-1024x768.jpg 1024w, https:\/\/wegbegleitung-tierundmensch.ch\/wp-content\/uploads\/2021\/02\/20201230_105701-300x225.jpg 300w, https:\/\/wegbegleitung-tierundmensch.ch\/wp-content\/uploads\/2021\/02\/20201230_105701-768x576.jpg 768w, https:\/\/wegbegleitung-tierundmensch.ch\/wp-content\/uploads\/2021\/02\/20201230_105701-1536x1152.jpg 1536w, https:\/\/wegbegleitung-tierundmensch.ch\/wp-content\/uploads\/2021\/02\/20201230_105701-2048x1536.jpg 2048w\" sizes=\"(max-width: 767px) 89vw, (max-width: 1000px) 54vw, (max-width: 1071px) 543px, 580px\" \/><\/figure>\n\n\n\n<figure class=\"wp-block-image size-large\"><img loading=\"lazy\" width=\"1024\" height=\"768\" src=\"https:\/\/wegbegleitung-tierundmensch.ch\/wp-content\/uploads\/2021\/06\/20210228_161620-1024x768.jpg\" alt=\"\" class=\"wp-image-990\" srcset=\"https:\/\/wegbegleitung-tierundmensch.ch\/wp-content\/uploads\/2021\/06\/20210228_161620-1024x768.jpg 1024w, https:\/\/wegbegleitung-tierundmensch.ch\/wp-content\/uploads\/2021\/06\/20210228_161620-300x225.jpg 300w, https:\/\/wegbegleitung-tierundmensch.ch\/wp-content\/uploads\/2021\/06\/20210228_161620-768x576.jpg 768w, https:\/\/wegbegleitung-tierundmensch.ch\/wp-content\/uploads\/2021\/06\/20210228_161620-1536x1152.jpg 1536w, https:\/\/wegbegleitung-tierundmensch.ch\/wp-content\/uploads\/2021\/06\/20210228_161620-2048x1536.jpg 2048w\" sizes=\"(max-width: 767px) 89vw, (max-width: 1000px) 54vw, (max-width: 1071px) 543px, 580px\" \/><\/figure>\n\n\n\n<p>M\u00f6gen auf der ganzen Erde solche Orte erhalten oder geboren werden und kristallklar ins Universum strahlen. M\u00f6gen wir uns an unser Menschsein erinnern und dieses Geschenk, welches sich LEBEN nennt sanftm\u00fctig (sanfter Mut) annehmen. AHO!<\/p>\n","protected":false},"excerpt":{"rendered":"<p>Dort, wo sich Himmel und Erde ber\u00fchren Dort, wo die Grenzen vom Sichtbaren zum Unsichtbaren verschwinden Dort, wo sich das Herz mit Liebe f\u00fcllt Dort, findet das G\u00f6ttliche auf Erden. Sch\u00fctzend umringt vom Wald und der Sensefluh ruht das Haus &#8211; die alte Wagnerei &#8211; seit Jahrzehnten auf diesem Flecklein Erde. Nur f\u00fcr die Menschen &hellip; <\/p>\n<p class=\"link-more\"><a href=\"https:\/\/wegbegleitung-tierundmensch.ch\/index.php\/platz-zum-sein\/\" class=\"more-link\"><span class=\"screen-reader-text\">\u201eChraftplatz\u201c <\/span>weiterlesen<\/a><\/p>\n","protected":false},"author":1,"featured_media":0,"parent":0,"menu_order":0,"comment_status":"closed","ping_status":"closed","template":"","meta":[],"_links":{"self":[{"href":"https:\/\/wegbegleitung-tierundmensch.ch\/index.php\/wp-json\/wp\/v2\/pages\/755"}],"collection":[{"href":"https:\/\/wegbegleitung-tierundmensch.ch\/index.php\/wp-json\/wp\/v2\/pages"}],"about":[{"href":"https:\/\/wegbegleitung-tierundmensch.ch\/index.php\/wp-json\/wp\/v2\/types\/page"}],"author":[{"embeddable":true,"href":"https:\/\/wegbegleitung-tierundmensch.ch\/index.php\/wp-json\/wp\/v2\/users\/1"}],"replies":[{"embeddable":true,"href":"https:\/\/wegbegleitung-tierundmensch.ch\/index.php\/wp-json\/wp\/v2\/comments?post=755"}],"version-history":[{"count":9,"href":"https:\/\/wegbegleitung-tierundmensch.ch\/index.php\/wp-json\/wp\/v2\/pages\/755\/revisions"}],"predecessor-version":[{"id":991,"href":"https:\/\/wegbegleitung-tierundmensch.ch\/index.php\/wp-json\/wp\/v2\/pages\/755\/revisions\/991"}],"wp:attachment":[{"href":"https:\/\/wegbegleitung-tierundmensch.ch\/index.php\/wp-json\/wp\/v2\/media?parent=755"}],"curies":[{"name":"wp","href":"https:\/\/api.w.org\/{rel}","templated":true}]}}