{"id":727,"date":"2020-01-04T22:11:37","date_gmt":"2020-01-04T22:11:37","guid":{"rendered":"https:\/\/wegbegleitung-tierundmensch.ch\/?page_id=727"},"modified":"2020-11-26T20:40:02","modified_gmt":"2020-11-26T20:40:02","slug":"gruendonnerstagssuppe","status":"publish","type":"page","link":"https:\/\/wegbegleitung-tierundmensch.ch\/index.php\/gruendonnerstagssuppe\/","title":{"rendered":"Gr\u00fcndonnerstagssuppe"},"content":{"rendered":"\n<p>Wenn die lange Zeit der dunklen Wintermonate sich dem Ende neigte, die Tage wieder l\u00e4nger als die N\u00e4chte wurden und die Natur endlich wieder erwachte, dann feierten unsere Vorfahren ein gro\u00dfes Fruchtbarkeitsfest.<\/p>\n\n\n\n<p>Fester Bestandteil dieses Fr\u00fchlingsrituals war die Neun-Kr\u00e4uter-Suppe aus den ersten frischen Pflanzen, die nach der langen Winterzeit Vitamine und Lebensenergie brachten.&nbsp;<\/p>\n\n\n\n<p>Seit Jahren feiern wir dieses Fest vor Ostern, gehen and\u00e4chtig und dem\u00fctig \u00fcber Wiese und durch den Wald und sehen, mit welcher Power das neue Gr\u00fcn erwacht. Ja und wir d\u00fcrfen uns einfach damit n\u00e4hren, es in uns aufnehmen und JA sagen!  Wir sammeln Gundelrebe, L\u00f6wenzahn, Spitzwegerich, Schafgarbe, Sauerampfer, vielleicht hats schon Vogelmiere, aber ganz bestimmt Brennnessel, Giersch darf nicht fehlen und Scharbockskraut oder B\u00e4rlauch&#8230;aber eben die Suppe wird immer anders, denn es w\u00e4chst genau das, was wir gerade brauchen.<\/p>\n\n\n\n<figure class=\"wp-block-image size-large\"><img loading=\"lazy\" width=\"800\" height=\"533\" src=\"https:\/\/wegbegleitung-tierundmensch.ch\/wp-content\/uploads\/2020\/11\/suppeauffeuer2.jpg\" alt=\"\" class=\"wp-image-906\" srcset=\"https:\/\/wegbegleitung-tierundmensch.ch\/wp-content\/uploads\/2020\/11\/suppeauffeuer2.jpg 800w, https:\/\/wegbegleitung-tierundmensch.ch\/wp-content\/uploads\/2020\/11\/suppeauffeuer2-300x200.jpg 300w, https:\/\/wegbegleitung-tierundmensch.ch\/wp-content\/uploads\/2020\/11\/suppeauffeuer2-768x512.jpg 768w\" sizes=\"(max-width: 767px) 89vw, (max-width: 1000px) 54vw, (max-width: 1071px) 543px, 580px\" \/><\/figure>\n\n\n\n<p>Die Suppe k\u00f6chelt auf dem Feuer&#8230;immer am Gr\u00fcndonnerstag, dem Donnerstag vor Ostern. Gerne darfst Du Dich ab 17:30 dazugesellen! Melde Dich doch kurz an.<\/p>\n","protected":false},"excerpt":{"rendered":"<p>Wenn die lange Zeit der dunklen Wintermonate sich dem Ende neigte, die Tage wieder l\u00e4nger als die N\u00e4chte wurden und die Natur endlich wieder erwachte, dann feierten unsere Vorfahren ein gro\u00dfes Fruchtbarkeitsfest. Fester Bestandteil dieses Fr\u00fchlingsrituals war die Neun-Kr\u00e4uter-Suppe aus den ersten frischen Pflanzen, die nach der langen Winterzeit Vitamine und Lebensenergie brachten.&nbsp; Seit Jahren &hellip; <\/p>\n<p class=\"link-more\"><a href=\"https:\/\/wegbegleitung-tierundmensch.ch\/index.php\/gruendonnerstagssuppe\/\" class=\"more-link\"><span class=\"screen-reader-text\">\u201eGr\u00fcndonnerstagssuppe\u201c <\/span>weiterlesen<\/a><\/p>\n","protected":false},"author":1,"featured_media":0,"parent":0,"menu_order":0,"comment_status":"closed","ping_status":"closed","template":"","meta":[],"_links":{"self":[{"href":"https:\/\/wegbegleitung-tierundmensch.ch\/index.php\/wp-json\/wp\/v2\/pages\/727"}],"collection":[{"href":"https:\/\/wegbegleitung-tierundmensch.ch\/index.php\/wp-json\/wp\/v2\/pages"}],"about":[{"href":"https:\/\/wegbegleitung-tierundmensch.ch\/index.php\/wp-json\/wp\/v2\/types\/page"}],"author":[{"embeddable":true,"href":"https:\/\/wegbegleitung-tierundmensch.ch\/index.php\/wp-json\/wp\/v2\/users\/1"}],"replies":[{"embeddable":true,"href":"https:\/\/wegbegleitung-tierundmensch.ch\/index.php\/wp-json\/wp\/v2\/comments?post=727"}],"version-history":[{"count":6,"href":"https:\/\/wegbegleitung-tierundmensch.ch\/index.php\/wp-json\/wp\/v2\/pages\/727\/revisions"}],"predecessor-version":[{"id":908,"href":"https:\/\/wegbegleitung-tierundmensch.ch\/index.php\/wp-json\/wp\/v2\/pages\/727\/revisions\/908"}],"wp:attachment":[{"href":"https:\/\/wegbegleitung-tierundmensch.ch\/index.php\/wp-json\/wp\/v2\/media?parent=727"}],"curies":[{"name":"wp","href":"https:\/\/api.w.org\/{rel}","templated":true}]}}