{"id":7,"date":"2018-12-03T11:13:40","date_gmt":"2018-12-03T11:13:40","guid":{"rendered":"https:\/\/wegbegleitung-tierundmensch.ch\/?page_id=7"},"modified":"2023-08-03T19:27:48","modified_gmt":"2023-08-03T19:27:48","slug":"judith-anna-mori","status":"publish","type":"page","link":"https:\/\/wegbegleitung-tierundmensch.ch\/index.php\/judith-anna-mori\/","title":{"rendered":"Peter Bachofner und Judith Anna Mori"},"content":{"rendered":"\n<p><strong>Peter<\/strong><\/p>\n\n\n\n<figure class=\"wp-block-image size-large\"><img loading=\"lazy\" width=\"1024\" height=\"683\" src=\"https:\/\/wegbegleitung-tierundmensch.ch\/wp-content\/uploads\/2023\/08\/Massa_1134-1024x683.jpg\" alt=\"\" class=\"wp-image-1253\" srcset=\"https:\/\/wegbegleitung-tierundmensch.ch\/wp-content\/uploads\/2023\/08\/Massa_1134-1024x683.jpg 1024w, https:\/\/wegbegleitung-tierundmensch.ch\/wp-content\/uploads\/2023\/08\/Massa_1134-300x200.jpg 300w, https:\/\/wegbegleitung-tierundmensch.ch\/wp-content\/uploads\/2023\/08\/Massa_1134-768x512.jpg 768w, https:\/\/wegbegleitung-tierundmensch.ch\/wp-content\/uploads\/2023\/08\/Massa_1134-1536x1024.jpg 1536w, https:\/\/wegbegleitung-tierundmensch.ch\/wp-content\/uploads\/2023\/08\/Massa_1134-2048x1365.jpg 2048w\" sizes=\"(max-width: 767px) 89vw, (max-width: 1000px) 54vw, (max-width: 1071px) 543px, 580px\" \/><\/figure>\n\n\n\n<p><strong>Judith Anna<\/strong><\/p>\n\n\n\n<p>Die Tiere und die Natur begleiten mich seit meiner Geburt.&nbsp;Ich f\u00fchle mich mit ihnen verbunden und sehe mich schon seit meiner Kindheit als Teil von einem grossen Ganzen an.&nbsp;Schon als kleines M\u00e4dchen hatte ich das Gef\u00fchl, dass alles Leben miteinander vernetzt ist.<br>Ich wurde am 17. Juni 1986 geboren.&nbsp;In meiner Kindheit verbrachte ich viel Zeit in der freien Natur.&nbsp;Ich wuchs mit zwei Katern, drei Meerschweinchen und mehreren Tausend Bienen auf.&nbsp;Heute begleiten mich drei wundervolle Kater, eine unglaublich geduldige und weise Katze, ein bunt gemischtes Rudel H\u00fchner, ein Gockel und eine willensstarke, sensible junge Tochter. Ich heisse Dich lieber Zwillingsseelenmann willkommen an meiner Seite, willkommen in meinem Leben! Und ich danke dem Vater meiner Tochter, Freund und Bruder, f\u00fcr sein treues und liebevolles Dasein!<\/p>\n\n\n\n<figure class=\"wp-block-image size-large\"><img loading=\"lazy\" width=\"1024\" height=\"768\" src=\"https:\/\/wegbegleitung-tierundmensch.ch\/wp-content\/uploads\/2023\/08\/20210607_151435-1024x768.jpg\" alt=\"\" class=\"wp-image-1258\" srcset=\"https:\/\/wegbegleitung-tierundmensch.ch\/wp-content\/uploads\/2023\/08\/20210607_151435-1024x768.jpg 1024w, https:\/\/wegbegleitung-tierundmensch.ch\/wp-content\/uploads\/2023\/08\/20210607_151435-300x225.jpg 300w, https:\/\/wegbegleitung-tierundmensch.ch\/wp-content\/uploads\/2023\/08\/20210607_151435-768x576.jpg 768w, https:\/\/wegbegleitung-tierundmensch.ch\/wp-content\/uploads\/2023\/08\/20210607_151435-1536x1152.jpg 1536w, https:\/\/wegbegleitung-tierundmensch.ch\/wp-content\/uploads\/2023\/08\/20210607_151435-2048x1536.jpg 2048w\" sizes=\"(max-width: 767px) 89vw, (max-width: 1000px) 54vw, (max-width: 1071px) 543px, 580px\" \/><\/figure>\n\n\n\n<p>Von der Gemeinschaft in Guggisberg zieht es uns weiter &#8211; immer der Sense entlang &#8211; nach Lanzenh\u00e4usern, wo wir als Familie neu starten. Nach einem grossen Loslassen, machen wir uns auf den Weg, uns wieder mit uns selber zu verbinden, uns der Natur hinzugeben und unserem Herzweg zu folgen.<\/p>\n\n\n\n<p>Danke der Gemeinschaft f\u00fcr all die spannenden und bereichernden Momente, n\u00e4hrenden Verbindungen, harten Pr\u00fcfungen und wahren Einsichten, welche uns alle letztendlich befreiten.<\/p>\n\n\n\n<figure class=\"wp-block-image size-large\"><img loading=\"lazy\" width=\"595\" height=\"1024\" src=\"https:\/\/wegbegleitung-tierundmensch.ch\/wp-content\/uploads\/2023\/08\/20230304_222118-595x1024.jpg\" alt=\"\" class=\"wp-image-1250\" srcset=\"https:\/\/wegbegleitung-tierundmensch.ch\/wp-content\/uploads\/2023\/08\/20230304_222118-595x1024.jpg 595w, https:\/\/wegbegleitung-tierundmensch.ch\/wp-content\/uploads\/2023\/08\/20230304_222118-174x300.jpg 174w, https:\/\/wegbegleitung-tierundmensch.ch\/wp-content\/uploads\/2023\/08\/20230304_222118-768x1321.jpg 768w, https:\/\/wegbegleitung-tierundmensch.ch\/wp-content\/uploads\/2023\/08\/20230304_222118-893x1536.jpg 893w, https:\/\/wegbegleitung-tierundmensch.ch\/wp-content\/uploads\/2023\/08\/20230304_222118.jpg 1086w\" sizes=\"(max-width: 595px) 100vw, 595px\" \/><\/figure>\n\n\n\n<p>Es kommt eine grosse Sehnsucht nach Ruhe und Frieden &#8211; nach Entspannung meiner Sinne, atmen, Raum-schaffen, nach Eigenrhythmus, Weiterziehen auf meinem Herzensweg, lieben, verschenken, Herzen \u00f6ffnen, ber\u00fchren und ber\u00fchrt werden, teilhaben am Wirken des Grossen Ganzen, Anteil nehmen an den Geschichten der Weggef\u00e4hrten, glauben, danken, singen. Und immer wieder geht es darum Gleichgewichte herzustellen, im weiteren Sinne auch Gerechtigkeit auf allen Ebenen walten zu lassen.<\/p>\n\n\n\n<figure class=\"wp-block-image size-large\"><img loading=\"lazy\" width=\"768\" height=\"1024\" src=\"https:\/\/wegbegleitung-tierundmensch.ch\/wp-content\/uploads\/2020\/10\/20200914_154122-768x1024.jpg\" alt=\"\" class=\"wp-image-828\" srcset=\"https:\/\/wegbegleitung-tierundmensch.ch\/wp-content\/uploads\/2020\/10\/20200914_154122-768x1024.jpg 768w, https:\/\/wegbegleitung-tierundmensch.ch\/wp-content\/uploads\/2020\/10\/20200914_154122-225x300.jpg 225w\" sizes=\"(max-width: 767px) 89vw, (max-width: 1000px) 54vw, (max-width: 1071px) 543px, 580px\" \/><\/figure>\n\n\n\n<p>Durch die Tierkommunikation, zu der ich mit 21 Jahren wieder einen Zugang fand, st\u00e4rkte sich mein Selbstvertrauen und das Gef\u00fchl, dass alles irgendwie einen Sinn ergibt.&nbsp;Heute kann ich mir die Kommunikation mit Tier-, Pflanzen-, Stein-, Gew\u00e4sser- und anderen Seelen nicht mehr wegdenken.&nbsp;Ich habe gelernt, anzunehmen, was ich wahrnehme, ohne es mit meinem Verstand zu verstehen oder zu begr\u00fcnden.&nbsp;Das Wichtigste, was ich jedoch gelernt habe, ist die Geduld.&nbsp;Die Geduld zuzuh\u00f6ren, richtig hinzuh\u00f6ren.&nbsp;Die Geduld abzuwarten, bis bestimmte Dinge oder Entwicklungsverl\u00e4ufe von selbst kommen.&nbsp;Ich habe gelernt, jetzt zu leben und diesen Augenblick zu geniessen, voll und ganz.<br><\/p>\n\n\n\n<figure class=\"wp-block-image size-large\"><img loading=\"lazy\" width=\"1024\" height=\"768\" src=\"https:\/\/wegbegleitung-tierundmensch.ch\/wp-content\/uploads\/2023\/08\/20221107_143039-1024x768.jpg\" alt=\"\" class=\"wp-image-1251\" srcset=\"https:\/\/wegbegleitung-tierundmensch.ch\/wp-content\/uploads\/2023\/08\/20221107_143039-1024x768.jpg 1024w, https:\/\/wegbegleitung-tierundmensch.ch\/wp-content\/uploads\/2023\/08\/20221107_143039-300x225.jpg 300w, https:\/\/wegbegleitung-tierundmensch.ch\/wp-content\/uploads\/2023\/08\/20221107_143039-768x576.jpg 768w, https:\/\/wegbegleitung-tierundmensch.ch\/wp-content\/uploads\/2023\/08\/20221107_143039-1536x1152.jpg 1536w, https:\/\/wegbegleitung-tierundmensch.ch\/wp-content\/uploads\/2023\/08\/20221107_143039-2048x1536.jpg 2048w\" sizes=\"(max-width: 767px) 89vw, (max-width: 1000px) 54vw, (max-width: 1071px) 543px, 580px\" \/><\/figure>\n\n\n\n<ul><li>Bachelorstudium in Psychologie (2005-2008)<\/li><li>Tai Chi &#8211; Assistenzleiterin<\/li><li>Anstellung als Behindertenbetreuerin in einer Institution f\u00fcr geistig behinderte Menschen (ab 2009)<\/li><li>Basiskurs in Tierkommunikation nach Penelope Smith bei Susi Bucher (Juli 2008)<\/li><li>Aufbaukurs 1 in Tierkommunikation nach Penelope Smith bei Susi Bucher (August 2010)<\/li><li>Aufbaukurs 2 in Tierkommunikation nach Penelope Smith bei Susi Bucher (Mai 2011)<\/li><li>Schamanischer Jahreszyklus im Seminarhaus Winkel (Februar-Dezember 2012)<\/li><li>Schamanische Visionssuche in S\u00fcdfrankreich (Juli      2012)<\/li><li>Schamanischer Jahreskreiszyklus im Seminarhaus Winkel (Januar-Mai 2013)<\/li><li>Trommelbaukurs im Emmental (Oktober 2013)<\/li><li>Obertonsingen (Mai &#8211; Oktober 2015)<\/li><li>Geburt unserer Tochter Jaruna Anna (2015)<\/li><li>Leben in der Gemeinschaft (2016-2019) <\/li><li>Seminar bei Ojuna Altangarel, mongolische \u00c4rztin und Schamanin (Februar 2023)<\/li><\/ul>\n\n\n\n<figure class=\"wp-block-image size-large\"><img loading=\"lazy\" width=\"768\" height=\"1024\" src=\"https:\/\/wegbegleitung-tierundmensch.ch\/wp-content\/uploads\/2020\/10\/20200914_114223-768x1024.jpg\" alt=\"\" class=\"wp-image-829\" srcset=\"https:\/\/wegbegleitung-tierundmensch.ch\/wp-content\/uploads\/2020\/10\/20200914_114223-768x1024.jpg 768w, https:\/\/wegbegleitung-tierundmensch.ch\/wp-content\/uploads\/2020\/10\/20200914_114223-225x300.jpg 225w\" sizes=\"(max-width: 767px) 89vw, (max-width: 1000px) 54vw, (max-width: 1071px) 543px, 580px\" \/><\/figure>\n\n\n\n<p><\/p>\n","protected":false},"excerpt":{"rendered":"<p>Peter Judith Anna Die Tiere und die Natur begleiten mich seit meiner Geburt.&nbsp;Ich f\u00fchle mich mit ihnen verbunden und sehe mich schon seit meiner Kindheit als Teil von einem grossen Ganzen an.&nbsp;Schon als kleines M\u00e4dchen hatte ich das Gef\u00fchl, dass alles Leben miteinander vernetzt ist.Ich wurde am 17. Juni 1986 geboren.&nbsp;In meiner Kindheit verbrachte ich &hellip; <\/p>\n<p class=\"link-more\"><a href=\"https:\/\/wegbegleitung-tierundmensch.ch\/index.php\/judith-anna-mori\/\" class=\"more-link\"><span class=\"screen-reader-text\">\u201ePeter Bachofner und Judith Anna Mori\u201c <\/span>weiterlesen<\/a><\/p>\n","protected":false},"author":1,"featured_media":0,"parent":0,"menu_order":0,"comment_status":"closed","ping_status":"closed","template":"","meta":[],"_links":{"self":[{"href":"https:\/\/wegbegleitung-tierundmensch.ch\/index.php\/wp-json\/wp\/v2\/pages\/7"}],"collection":[{"href":"https:\/\/wegbegleitung-tierundmensch.ch\/index.php\/wp-json\/wp\/v2\/pages"}],"about":[{"href":"https:\/\/wegbegleitung-tierundmensch.ch\/index.php\/wp-json\/wp\/v2\/types\/page"}],"author":[{"embeddable":true,"href":"https:\/\/wegbegleitung-tierundmensch.ch\/index.php\/wp-json\/wp\/v2\/users\/1"}],"replies":[{"embeddable":true,"href":"https:\/\/wegbegleitung-tierundmensch.ch\/index.php\/wp-json\/wp\/v2\/comments?post=7"}],"version-history":[{"count":28,"href":"https:\/\/wegbegleitung-tierundmensch.ch\/index.php\/wp-json\/wp\/v2\/pages\/7\/revisions"}],"predecessor-version":[{"id":1259,"href":"https:\/\/wegbegleitung-tierundmensch.ch\/index.php\/wp-json\/wp\/v2\/pages\/7\/revisions\/1259"}],"wp:attachment":[{"href":"https:\/\/wegbegleitung-tierundmensch.ch\/index.php\/wp-json\/wp\/v2\/media?parent=7"}],"curies":[{"name":"wp","href":"https:\/\/api.w.org\/{rel}","templated":true}]}}