{"id":677,"date":"2019-12-26T19:08:08","date_gmt":"2019-12-26T19:08:08","guid":{"rendered":"https:\/\/wegbegleitung-tierundmensch.ch\/?page_id=677"},"modified":"2022-01-15T15:13:12","modified_gmt":"2022-01-15T15:13:12","slug":"schamanische-beratung-behandlung","status":"publish","type":"page","link":"https:\/\/wegbegleitung-tierundmensch.ch\/index.php\/schamanische-beratung-behandlung\/","title":{"rendered":"Schamanische Beratung\/Behandlung"},"content":{"rendered":"\n<p>Durch die Tierkommunikation wurde mir bewusst, wie heilsam ein Seelengespr\u00e4ch sein kann und wie n\u00f6tig es oft nicht nur die Tierseelen, sondern auch die Menschenseelen haben. So biete ich in meinem Praxisraum einen gesch\u00fctzten Ort zum Austausch an. Schamanische Beratung und Begleitung heisst, mit allen Sinnen wahrnehmen, in einem Raum, der mit allen Himmelsrichtungen, oben und unten, sowie allen Kr\u00e4ften verbunden ist, wertfrei das zu h\u00f6ren, was Deine Seele erz\u00e4hlen will. <\/p>\n\n\n\n<p><strong>M\u00f6gliche Hilfsmittel sind:<\/strong><\/p>\n\n\n\n<ul><li>psychologisches Gespr\u00e4ch<\/li><li>Atem\u00fcbungen<\/li><li>Meditation<\/li><li>Hilfe zum Emotionsausdruck<\/li><li>Naturbesuche\/-verbindungen<\/li><li>schamanische Reisen<\/li><li>Seelenr\u00fcckf\u00fchrung<\/li><li>Trommeln<\/li><li>R\u00e4uchern\/F\u00e4chern<\/li><li>Kristallarbeit<\/li><li>Auralesen<\/li><li>Herzgespr\u00e4ch\/Seelengespr\u00e4ch<\/li><li>Verbinden mit Helfern, Engeln, Krafttieren, inneren Aspekten<\/li><li>K\u00f6rperbemalung<\/li><li>Quantenheilung<\/li><li>Arbeit mit der Einhandrute<\/li><\/ul>\n\n\n\n<p>Die Sitzungen finden bei mir in Lanzenh\u00e4usern statt.<\/p>\n\n\n\n<p>Gerne darfst Du Dich \u00fcbers Kontaktformular an mich wenden. Ich bin offen Dein Anliegen anzuh\u00f6ren. <\/p>\n\n\n\n<figure class=\"wp-block-image size-large\"><img loading=\"lazy\" width=\"1024\" height=\"768\" src=\"https:\/\/wegbegleitung-tierundmensch.ch\/wp-content\/uploads\/2020\/10\/20200701_211920-1-1024x768.jpg\" alt=\"\" class=\"wp-image-809\" srcset=\"https:\/\/wegbegleitung-tierundmensch.ch\/wp-content\/uploads\/2020\/10\/20200701_211920-1-1024x768.jpg 1024w, https:\/\/wegbegleitung-tierundmensch.ch\/wp-content\/uploads\/2020\/10\/20200701_211920-1-300x225.jpg 300w, https:\/\/wegbegleitung-tierundmensch.ch\/wp-content\/uploads\/2020\/10\/20200701_211920-1-768x576.jpg 768w\" sizes=\"(max-width: 767px) 89vw, (max-width: 1000px) 54vw, (max-width: 1071px) 543px, 580px\" \/><\/figure>\n","protected":false},"excerpt":{"rendered":"<p>Durch die Tierkommunikation wurde mir bewusst, wie heilsam ein Seelengespr\u00e4ch sein kann und wie n\u00f6tig es oft nicht nur die Tierseelen, sondern auch die Menschenseelen haben. So biete ich in meinem Praxisraum einen gesch\u00fctzten Ort zum Austausch an. Schamanische Beratung und Begleitung heisst, mit allen Sinnen wahrnehmen, in einem Raum, der mit allen Himmelsrichtungen, oben &hellip; <\/p>\n<p class=\"link-more\"><a href=\"https:\/\/wegbegleitung-tierundmensch.ch\/index.php\/schamanische-beratung-behandlung\/\" class=\"more-link\"><span class=\"screen-reader-text\">\u201eSchamanische Beratung\/Behandlung\u201c <\/span>weiterlesen<\/a><\/p>\n","protected":false},"author":1,"featured_media":0,"parent":0,"menu_order":0,"comment_status":"closed","ping_status":"closed","template":"","meta":[],"_links":{"self":[{"href":"https:\/\/wegbegleitung-tierundmensch.ch\/index.php\/wp-json\/wp\/v2\/pages\/677"}],"collection":[{"href":"https:\/\/wegbegleitung-tierundmensch.ch\/index.php\/wp-json\/wp\/v2\/pages"}],"about":[{"href":"https:\/\/wegbegleitung-tierundmensch.ch\/index.php\/wp-json\/wp\/v2\/types\/page"}],"author":[{"embeddable":true,"href":"https:\/\/wegbegleitung-tierundmensch.ch\/index.php\/wp-json\/wp\/v2\/users\/1"}],"replies":[{"embeddable":true,"href":"https:\/\/wegbegleitung-tierundmensch.ch\/index.php\/wp-json\/wp\/v2\/comments?post=677"}],"version-history":[{"count":9,"href":"https:\/\/wegbegleitung-tierundmensch.ch\/index.php\/wp-json\/wp\/v2\/pages\/677\/revisions"}],"predecessor-version":[{"id":1046,"href":"https:\/\/wegbegleitung-tierundmensch.ch\/index.php\/wp-json\/wp\/v2\/pages\/677\/revisions\/1046"}],"wp:attachment":[{"href":"https:\/\/wegbegleitung-tierundmensch.ch\/index.php\/wp-json\/wp\/v2\/media?parent=677"}],"curies":[{"name":"wp","href":"https:\/\/api.w.org\/{rel}","templated":true}]}}