{"id":666,"date":"2019-12-26T19:05:04","date_gmt":"2019-12-26T19:05:04","guid":{"rendered":"https:\/\/wegbegleitung-tierundmensch.ch\/?page_id=666"},"modified":"2025-01-09T19:43:23","modified_gmt":"2025-01-09T19:43:23","slug":"kurse-anlaesse","status":"publish","type":"page","link":"https:\/\/wegbegleitung-tierundmensch.ch\/index.php\/kurse-anlaesse\/","title":{"rendered":"Kurse\/Anl\u00e4sse"},"content":{"rendered":"\n<p>Der Platz steht offen und h\u00e4lt Dich zugleich. Umrundet von Wald und Wasser, gesch\u00fctzt und doch so kraftvoll, l\u00e4dt er Dich ein, anzukommen, in Frieden zu kommen mit dem was ist, Dich zu setzen, nackt, so wie Du geboren wurdest, nur mit Deinem Lied in Deinem Herzen. Der Ort und die R\u00e4umlichkeiten wurden harmonisiert. Sie sind dadurch sehr hochschwingend, strahlungsarm und heilend. Die messbare Schwingung f\u00fcr den Platz und die R\u00e4ume betr\u00e4gt 12000 Boviseinheiten.<\/p>\n\n\n\n<div class=\"wp-block-image\"><figure class=\"aligncenter size-large is-resized\"><img loading=\"lazy\" src=\"https:\/\/wegbegleitung-tierundmensch.ch\/wp-content\/uploads\/2020\/10\/20200824_141450-2-768x1024.jpg\" alt=\"\" class=\"wp-image-792\" width=\"564\" height=\"750\"\/><\/figure><\/div>\n\n\n\n<p><\/p>\n","protected":false},"excerpt":{"rendered":"<p>Der Platz steht offen und h\u00e4lt Dich zugleich. Umrundet von Wald und Wasser, gesch\u00fctzt und doch so kraftvoll, l\u00e4dt er Dich ein, anzukommen, in Frieden zu kommen mit dem was ist, Dich zu setzen, nackt, so wie Du geboren wurdest, nur mit Deinem Lied in Deinem Herzen. Der Ort und die R\u00e4umlichkeiten wurden harmonisiert. Sie &hellip; <\/p>\n<p class=\"link-more\"><a href=\"https:\/\/wegbegleitung-tierundmensch.ch\/index.php\/kurse-anlaesse\/\" class=\"more-link\"><span class=\"screen-reader-text\">\u201eKurse\/Anl\u00e4sse\u201c <\/span>weiterlesen<\/a><\/p>\n","protected":false},"author":1,"featured_media":0,"parent":0,"menu_order":0,"comment_status":"closed","ping_status":"closed","template":"","meta":[],"_links":{"self":[{"href":"https:\/\/wegbegleitung-tierundmensch.ch\/index.php\/wp-json\/wp\/v2\/pages\/666"}],"collection":[{"href":"https:\/\/wegbegleitung-tierundmensch.ch\/index.php\/wp-json\/wp\/v2\/pages"}],"about":[{"href":"https:\/\/wegbegleitung-tierundmensch.ch\/index.php\/wp-json\/wp\/v2\/types\/page"}],"author":[{"embeddable":true,"href":"https:\/\/wegbegleitung-tierundmensch.ch\/index.php\/wp-json\/wp\/v2\/users\/1"}],"replies":[{"embeddable":true,"href":"https:\/\/wegbegleitung-tierundmensch.ch\/index.php\/wp-json\/wp\/v2\/comments?post=666"}],"version-history":[{"count":11,"href":"https:\/\/wegbegleitung-tierundmensch.ch\/index.php\/wp-json\/wp\/v2\/pages\/666\/revisions"}],"predecessor-version":[{"id":1231,"href":"https:\/\/wegbegleitung-tierundmensch.ch\/index.php\/wp-json\/wp\/v2\/pages\/666\/revisions\/1231"}],"wp:attachment":[{"href":"https:\/\/wegbegleitung-tierundmensch.ch\/index.php\/wp-json\/wp\/v2\/media?parent=666"}],"curies":[{"name":"wp","href":"https:\/\/api.w.org\/{rel}","templated":true}]}}