{"id":393,"date":"2018-12-20T15:00:58","date_gmt":"2018-12-20T15:00:58","guid":{"rendered":"https:\/\/wegbegleitung-tierundmensch.ch\/?page_id=393"},"modified":"2025-12-18T20:02:09","modified_gmt":"2025-12-18T20:02:09","slug":"tommelbau-geburt-deines-urklangs","status":"publish","type":"page","link":"https:\/\/wegbegleitung-tierundmensch.ch\/index.php\/tommelbau-geburt-deines-urklangs\/","title":{"rendered":"Trommelbau &#8211; Geburt Deines Urklangs"},"content":{"rendered":"\n<p>Man sagt, um eine Trommel ins Leben zu rufen, m\u00fcssen zwei Wesen ihr Leben lassen: ein Tier f\u00fcr die Haut und ein Baum f\u00fcr den Ring. <\/p>\n\n\n\n<p>In diesem Kurs geb\u00e4rst Du ganz bewusst Deine eigene Trommel &#8211; w\u00e4hlst eine Haut, w\u00e4hlst einen Ring, w\u00e4hlst mit Deinen Fingern Deinen eigenen Rhythmus &#8211; und es entsteht eine Trommel, die genau Dir entspricht. Ob oval, schief, kreisrund, tief oder hoch, scheppernd oder mit Obert\u00f6nen klingend, sie wird Deinen Seelenklang auf diese Erde bringen. <\/p>\n\n\n\n<figure class=\"wp-block-image\"><img loading=\"lazy\" width=\"768\" height=\"1024\" src=\"https:\/\/wegbegleitung-tierundmensch.ch\/wp-content\/uploads\/2019\/01\/CIMG5123-768x1024.jpg\" alt=\"\" class=\"wp-image-510\" srcset=\"https:\/\/wegbegleitung-tierundmensch.ch\/wp-content\/uploads\/2019\/01\/CIMG5123-768x1024.jpg 768w, https:\/\/wegbegleitung-tierundmensch.ch\/wp-content\/uploads\/2019\/01\/CIMG5123-225x300.jpg 225w, https:\/\/wegbegleitung-tierundmensch.ch\/wp-content\/uploads\/2019\/01\/CIMG5123.jpg 1920w\" sizes=\"(max-width: 767px) 89vw, (max-width: 1000px) 54vw, (max-width: 1071px) 543px, 580px\" \/><figcaption><br><\/figcaption><\/figure>\n\n\n\n<p> Nebst dem Bau der Trommel und dem Schlegel, bekommst Du die M\u00f6glichkeit dem Tier und dem Baum zu danken, um ihre Kraft zu bitten und Dich durch diese heilige Arbeit ans grosse Ganze anzuschliessen. <\/p>\n\n\n\n<p>Du bist eingeladen mit all dem, was Dich gerade ausmacht, in diese heilige Arbeit des Trommelbauens, in Deine eigene Geburt einzutauchen. Du wirst von einem friedvollen Ort und einer liebevollen spirituellen Hebamme in Deinem Prozess begleitet.<\/p>\n\n\n\n<figure class=\"wp-block-image\"><img loading=\"lazy\" width=\"768\" height=\"1024\" src=\"https:\/\/wegbegleitung-tierundmensch.ch\/wp-content\/uploads\/2019\/01\/CIMG5188-768x1024.jpg\" alt=\"\" class=\"wp-image-614\" srcset=\"https:\/\/wegbegleitung-tierundmensch.ch\/wp-content\/uploads\/2019\/01\/CIMG5188-768x1024.jpg 768w, https:\/\/wegbegleitung-tierundmensch.ch\/wp-content\/uploads\/2019\/01\/CIMG5188-225x300.jpg 225w, https:\/\/wegbegleitung-tierundmensch.ch\/wp-content\/uploads\/2019\/01\/CIMG5188.jpg 1920w\" sizes=\"(max-width: 767px) 89vw, (max-width: 1000px) 54vw, (max-width: 1071px) 543px, 580px\" \/><\/figure>\n\n\n\n<p><strong>Kursdaten 2026<\/strong><\/p>\n\n\n\n<p>2.\/3. Mai<\/p>\n\n\n\n<p>5.\/6. September<\/p>\n\n\n\n<p>jeweils von Samstag, 14:00 bis Sonntag, 17:00<\/p>\n\n\n\n<p><strong>Kost und Logie<\/strong><\/p>\n\n\n\n<p>In unserem Haus gibt es verschiedene \u00dcbernachtungsm\u00f6glichkeiten. Im Seminarraum kannst Du mit Deinem eigenen Schlafsack und Deinem eigenen M\u00e4tteli \u00fcbernachten. F\u00fcr einen Aufpreis kann ein G\u00e4stebett im Mehrbettzimmer gemietet werden.<\/p>\n\n\n\n<p>Am Kurswochenende sind ein Abendessen und einen reichhaltigen Brunch (biologisch und vegetarisch), sowie Zwischenmahlzeiten inbegriffen.<\/p>\n\n\n\n<p><strong>Energieausgleich<\/strong><\/p>\n\n\n\n<ul><li>250.- Seminarkosten<\/li><li>80.- Kost und Logie<\/li><li>ca. 150.- Materialkosten<\/li><li><strong>also ca. 480.-<\/strong><\/li><\/ul>\n\n\n\n<figure class=\"wp-block-image size-large is-resized\"><img loading=\"lazy\" src=\"https:\/\/wegbegleitung-tierundmensch.ch\/wp-content\/uploads\/2020\/10\/20200807_180740-3-768x1024.jpg\" alt=\"\" class=\"wp-image-797\" width=\"672\" height=\"895\" srcset=\"https:\/\/wegbegleitung-tierundmensch.ch\/wp-content\/uploads\/2020\/10\/20200807_180740-3-768x1024.jpg 768w, https:\/\/wegbegleitung-tierundmensch.ch\/wp-content\/uploads\/2020\/10\/20200807_180740-3-225x300.jpg 225w\" sizes=\"(max-width: 672px) 100vw, 672px\" \/><\/figure>\n\n\n\n<p><strong>Anmeldung<\/strong><\/p>\n\n\n\n<p> Gerne darfst Du Dich \u00fcbers Kontaktformular anmelden oder nach detaillierteren Informationen fragen.   <\/p>\n\n\n\n<figure class=\"wp-block-image size-large\"><img loading=\"lazy\" width=\"1024\" height=\"576\" src=\"https:\/\/wegbegleitung-tierundmensch.ch\/wp-content\/uploads\/2020\/11\/20190526_133255-1024x576.jpg\" alt=\"\" class=\"wp-image-871\" srcset=\"https:\/\/wegbegleitung-tierundmensch.ch\/wp-content\/uploads\/2020\/11\/20190526_133255-1024x576.jpg 1024w, https:\/\/wegbegleitung-tierundmensch.ch\/wp-content\/uploads\/2020\/11\/20190526_133255-300x169.jpg 300w, https:\/\/wegbegleitung-tierundmensch.ch\/wp-content\/uploads\/2020\/11\/20190526_133255-768x432.jpg 768w, https:\/\/wegbegleitung-tierundmensch.ch\/wp-content\/uploads\/2020\/11\/20190526_133255.jpg 2048w\" sizes=\"(max-width: 767px) 89vw, (max-width: 1000px) 54vw, (max-width: 1071px) 543px, 580px\" \/><\/figure>\n\n\n\n<figure class=\"wp-block-image size-large\"><img loading=\"lazy\" width=\"1024\" height=\"576\" src=\"https:\/\/wegbegleitung-tierundmensch.ch\/wp-content\/uploads\/2020\/11\/IMG-20190526-WA0006-1024x576.jpg\" alt=\"\" class=\"wp-image-872\" srcset=\"https:\/\/wegbegleitung-tierundmensch.ch\/wp-content\/uploads\/2020\/11\/IMG-20190526-WA0006-1024x576.jpg 1024w, https:\/\/wegbegleitung-tierundmensch.ch\/wp-content\/uploads\/2020\/11\/IMG-20190526-WA0006-300x169.jpg 300w, https:\/\/wegbegleitung-tierundmensch.ch\/wp-content\/uploads\/2020\/11\/IMG-20190526-WA0006-768x432.jpg 768w, https:\/\/wegbegleitung-tierundmensch.ch\/wp-content\/uploads\/2020\/11\/IMG-20190526-WA0006.jpg 1919w\" sizes=\"(max-width: 767px) 89vw, (max-width: 1000px) 54vw, (max-width: 1071px) 543px, 580px\" \/><\/figure>\n\n\n\n<figure class=\"wp-block-image size-large\"><img loading=\"lazy\" width=\"1024\" height=\"576\" src=\"https:\/\/wegbegleitung-tierundmensch.ch\/wp-content\/uploads\/2020\/11\/IMG-20190526-WA0007-1024x576.jpg\" alt=\"\" class=\"wp-image-873\" srcset=\"https:\/\/wegbegleitung-tierundmensch.ch\/wp-content\/uploads\/2020\/11\/IMG-20190526-WA0007-1024x576.jpg 1024w, https:\/\/wegbegleitung-tierundmensch.ch\/wp-content\/uploads\/2020\/11\/IMG-20190526-WA0007-300x169.jpg 300w, https:\/\/wegbegleitung-tierundmensch.ch\/wp-content\/uploads\/2020\/11\/IMG-20190526-WA0007-768x432.jpg 768w, https:\/\/wegbegleitung-tierundmensch.ch\/wp-content\/uploads\/2020\/11\/IMG-20190526-WA0007.jpg 1919w\" sizes=\"(max-width: 767px) 89vw, (max-width: 1000px) 54vw, (max-width: 1071px) 543px, 580px\" \/><\/figure>\n","protected":false},"excerpt":{"rendered":"<p>Man sagt, um eine Trommel ins Leben zu rufen, m\u00fcssen zwei Wesen ihr Leben lassen: ein Tier f\u00fcr die Haut und ein Baum f\u00fcr den Ring. In diesem Kurs geb\u00e4rst Du ganz bewusst Deine eigene Trommel &#8211; w\u00e4hlst eine Haut, w\u00e4hlst einen Ring, w\u00e4hlst mit Deinen Fingern Deinen eigenen Rhythmus &#8211; und es entsteht eine &hellip; <\/p>\n<p class=\"link-more\"><a href=\"https:\/\/wegbegleitung-tierundmensch.ch\/index.php\/tommelbau-geburt-deines-urklangs\/\" class=\"more-link\"><span class=\"screen-reader-text\">\u201eTrommelbau &#8211; Geburt Deines Urklangs\u201c <\/span>weiterlesen<\/a><\/p>\n","protected":false},"author":1,"featured_media":0,"parent":0,"menu_order":0,"comment_status":"closed","ping_status":"closed","template":"","meta":[],"_links":{"self":[{"href":"https:\/\/wegbegleitung-tierundmensch.ch\/index.php\/wp-json\/wp\/v2\/pages\/393"}],"collection":[{"href":"https:\/\/wegbegleitung-tierundmensch.ch\/index.php\/wp-json\/wp\/v2\/pages"}],"about":[{"href":"https:\/\/wegbegleitung-tierundmensch.ch\/index.php\/wp-json\/wp\/v2\/types\/page"}],"author":[{"embeddable":true,"href":"https:\/\/wegbegleitung-tierundmensch.ch\/index.php\/wp-json\/wp\/v2\/users\/1"}],"replies":[{"embeddable":true,"href":"https:\/\/wegbegleitung-tierundmensch.ch\/index.php\/wp-json\/wp\/v2\/comments?post=393"}],"version-history":[{"count":24,"href":"https:\/\/wegbegleitung-tierundmensch.ch\/index.php\/wp-json\/wp\/v2\/pages\/393\/revisions"}],"predecessor-version":[{"id":1351,"href":"https:\/\/wegbegleitung-tierundmensch.ch\/index.php\/wp-json\/wp\/v2\/pages\/393\/revisions\/1351"}],"wp:attachment":[{"href":"https:\/\/wegbegleitung-tierundmensch.ch\/index.php\/wp-json\/wp\/v2\/media?parent=393"}],"curies":[{"name":"wp","href":"https:\/\/api.w.org\/{rel}","templated":true}]}}