{"id":319,"date":"2018-12-13T21:39:43","date_gmt":"2018-12-13T21:39:43","guid":{"rendered":"https:\/\/wegbegleitung-tierundmensch.ch\/?page_id=319"},"modified":"2021-02-06T16:50:52","modified_gmt":"2021-02-06T16:50:52","slug":"raeucherungen-und-segnungen","status":"publish","type":"page","link":"https:\/\/wegbegleitung-tierundmensch.ch\/index.php\/raeucherungen-und-segnungen\/","title":{"rendered":"R\u00e4uchern, Reinigen, Segnen und Entst\u00f6ren"},"content":{"rendered":"\n<p>Beim R\u00e4uchern geht es &#8211; \u00e4hnlich wie in der Hom\u00f6opathie &#8211; darum, den Geist (die Wirkung) der Pflanzen von der Materie (Pflanzenk\u00f6rper) zu l\u00f6sen. F\u00fcr diesen Vorgang wir die Glut des Feuers zur Transformation verwendet. In dieser nun geistigen Form kann sich der Pflanzengeist ungehindert verbreiten und seine Kraft entfalten. Die verschiedenen Ebenen der Pflanzen wirken auch beim R\u00e4uchern. So kann ich zum Beispiel im medizinischen Sinne die Raumluft oder Nahrungsmittel mit dem keimt\u00f6tenden Rauch des Wacholders desinfizieren bzw. haltbar machen. Ich kann aber auch mit dem mystischen Aspekt des Wacholders arbeiten. Oder ich habe ein ganz pers\u00f6nliches Treffen mit dem Wacholderrauch, wo nur ich und der Wacholdergeist wissen, um was es geht. <\/p>\n\n\n\n<p>Beim R\u00e4uchern spielen zwei Dinge  zusammen: Das ist zum einen die menschliche Absicht und zum anderen die Kraft der Pflanze. Unsere Absicht gibt die Richtung. Das Pflanzenwesen, losgel\u00f6st und transformiert durch die Glut, schenkt uns seine Kraft und hilft dadurch bei der Umsetzung der Absicht.  (Marlis Bader)<\/p>\n\n\n\n<figure class=\"wp-block-image\"><img loading=\"lazy\" width=\"1024\" height=\"768\" src=\"https:\/\/wegbegleitung-tierundmensch.ch\/wp-content\/uploads\/2019\/01\/CIMG5120-1024x768.jpg\" alt=\"\" class=\"wp-image-507\" srcset=\"https:\/\/wegbegleitung-tierundmensch.ch\/wp-content\/uploads\/2019\/01\/CIMG5120-1024x768.jpg 1024w, https:\/\/wegbegleitung-tierundmensch.ch\/wp-content\/uploads\/2019\/01\/CIMG5120-300x225.jpg 300w, https:\/\/wegbegleitung-tierundmensch.ch\/wp-content\/uploads\/2019\/01\/CIMG5120-768x576.jpg 768w\" sizes=\"(max-width: 767px) 89vw, (max-width: 1000px) 54vw, (max-width: 1071px) 543px, 580px\" \/><\/figure>\n\n\n\n<p>Gerne r\u00e4uchere, entst\u00f6re und reinige ich Dich, Deine Umgebung und Deine R\u00e4ume.  Dabei arbeite ich mit dem F\u00e4cher und der R\u00e4ucherschale, verschiedenen Kr\u00e4utern und Pflanzen, mit meiner Einhandrute, meiner Hellf\u00fchligkeit, Heilbildern, hom\u00f6opathischen Zeichen, Edelsteinen,  Segnungen und anderen, manchmal unerwarteten, Hilfsmitteln. <\/p>\n\n\n\n<p><strong>Energieausgleich:<\/strong> Betrag nach eigenem Ermessen.<\/p>\n\n\n\n<p>Gerne darfst Du Dich \u00fcbers Kontaktformular bei mir melden. <\/p>\n\n\n\n<figure class=\"wp-block-image\"><img loading=\"lazy\" width=\"768\" height=\"1024\" src=\"https:\/\/wegbegleitung-tierundmensch.ch\/wp-content\/uploads\/2019\/01\/CIMG5134-768x1024.jpg\" alt=\"\" class=\"wp-image-605\" srcset=\"https:\/\/wegbegleitung-tierundmensch.ch\/wp-content\/uploads\/2019\/01\/CIMG5134-768x1024.jpg 768w, https:\/\/wegbegleitung-tierundmensch.ch\/wp-content\/uploads\/2019\/01\/CIMG5134-225x300.jpg 225w, https:\/\/wegbegleitung-tierundmensch.ch\/wp-content\/uploads\/2019\/01\/CIMG5134.jpg 1920w\" sizes=\"(max-width: 767px) 89vw, (max-width: 1000px) 54vw, (max-width: 1071px) 543px, 580px\" \/><\/figure>\n","protected":false},"excerpt":{"rendered":"<p>Beim R\u00e4uchern geht es &#8211; \u00e4hnlich wie in der Hom\u00f6opathie &#8211; darum, den Geist (die Wirkung) der Pflanzen von der Materie (Pflanzenk\u00f6rper) zu l\u00f6sen. F\u00fcr diesen Vorgang wir die Glut des Feuers zur Transformation verwendet. In dieser nun geistigen Form kann sich der Pflanzengeist ungehindert verbreiten und seine Kraft entfalten. Die verschiedenen Ebenen der Pflanzen &hellip; <\/p>\n<p class=\"link-more\"><a href=\"https:\/\/wegbegleitung-tierundmensch.ch\/index.php\/raeucherungen-und-segnungen\/\" class=\"more-link\"><span class=\"screen-reader-text\">\u201eR\u00e4uchern, Reinigen, Segnen und Entst\u00f6ren\u201c <\/span>weiterlesen<\/a><\/p>\n","protected":false},"author":1,"featured_media":0,"parent":0,"menu_order":0,"comment_status":"closed","ping_status":"closed","template":"","meta":[],"_links":{"self":[{"href":"https:\/\/wegbegleitung-tierundmensch.ch\/index.php\/wp-json\/wp\/v2\/pages\/319"}],"collection":[{"href":"https:\/\/wegbegleitung-tierundmensch.ch\/index.php\/wp-json\/wp\/v2\/pages"}],"about":[{"href":"https:\/\/wegbegleitung-tierundmensch.ch\/index.php\/wp-json\/wp\/v2\/types\/page"}],"author":[{"embeddable":true,"href":"https:\/\/wegbegleitung-tierundmensch.ch\/index.php\/wp-json\/wp\/v2\/users\/1"}],"replies":[{"embeddable":true,"href":"https:\/\/wegbegleitung-tierundmensch.ch\/index.php\/wp-json\/wp\/v2\/comments?post=319"}],"version-history":[{"count":10,"href":"https:\/\/wegbegleitung-tierundmensch.ch\/index.php\/wp-json\/wp\/v2\/pages\/319\/revisions"}],"predecessor-version":[{"id":955,"href":"https:\/\/wegbegleitung-tierundmensch.ch\/index.php\/wp-json\/wp\/v2\/pages\/319\/revisions\/955"}],"wp:attachment":[{"href":"https:\/\/wegbegleitung-tierundmensch.ch\/index.php\/wp-json\/wp\/v2\/media?parent=319"}],"curies":[{"name":"wp","href":"https:\/\/api.w.org\/{rel}","templated":true}]}}