{"id":312,"date":"2018-12-13T21:37:02","date_gmt":"2018-12-13T21:37:02","guid":{"rendered":"https:\/\/wegbegleitung-tierundmensch.ch\/?page_id=312"},"modified":"2025-01-09T19:43:03","modified_gmt":"2025-01-09T19:43:03","slug":"menschbegleitung","status":"publish","type":"page","link":"https:\/\/wegbegleitung-tierundmensch.ch\/index.php\/menschbegleitung\/","title":{"rendered":"Menschbegleitung"},"content":{"rendered":"\n<ul><li><strong>Zeremonie- und Initiationsbegleitung<\/strong> f\u00fcr Erwachsene und Kinder<br>Zeremonien zu Geburt, Eltern-werden, Taufe, Pubert\u00e4t, Menstruation, Trauung, Tod, Neuausrichtung, Beruf, Umzug und zu anderen Initiationen und \u00dcberg\u00e4ngen im Leben <br><strong>Energieausgleich<\/strong>:  <br>Betrag nach Absprache  <\/li><\/ul>\n\n\n\n<ul><li><strong>Schamanische Beratung\/Behandlung<\/strong> f\u00fcr Erwachsene und Kinder<br>T\u00fcr-\u00f6ffnen und Begleiten, um wieder in Kontakt mit der eigenen Kraft zu kommen, seine Energie frei fliessen zu lassen und seine Gabe ins Leben rufen zu k\u00f6nnen. Begleitung bei diversen Angelegenheiten, Herstellen vom grossen Gleichgewicht<br><strong>Energieausgleich<\/strong>:  <br>Betrag nach Deinem eigenen Ermessen <\/li><li><\/li><li><strong>Reiki-Behandlung<\/strong> f\u00fcr Erwachsene und Kinder<br>Sanftes, intuitives Handauflegen, verbunden mit schamanischer Arbeit<br><strong>Energieausgleich<\/strong>:  <br>Betrag nach Deinem eigenen Ermessen <\/li><\/ul>\n\n\n\n<figure class=\"wp-block-image\"><img loading=\"lazy\" width=\"1024\" height=\"768\" src=\"https:\/\/wegbegleitung-tierundmensch.ch\/wp-content\/uploads\/2019\/01\/CIMG5175-1024x768.jpg\" alt=\"\" class=\"wp-image-594\" srcset=\"https:\/\/wegbegleitung-tierundmensch.ch\/wp-content\/uploads\/2019\/01\/CIMG5175-1024x768.jpg 1024w, https:\/\/wegbegleitung-tierundmensch.ch\/wp-content\/uploads\/2019\/01\/CIMG5175-300x225.jpg 300w, https:\/\/wegbegleitung-tierundmensch.ch\/wp-content\/uploads\/2019\/01\/CIMG5175-768x576.jpg 768w\" sizes=\"(max-width: 767px) 89vw, (max-width: 1000px) 54vw, (max-width: 1071px) 543px, 580px\" \/><\/figure>\n","protected":false},"excerpt":{"rendered":"<p>Zeremonie- und Initiationsbegleitung f\u00fcr Erwachsene und KinderZeremonien zu Geburt, Eltern-werden, Taufe, Pubert\u00e4t, Menstruation, Trauung, Tod, Neuausrichtung, Beruf, Umzug und zu anderen Initiationen und \u00dcberg\u00e4ngen im Leben Energieausgleich: Betrag nach Absprache Schamanische Beratung\/Behandlung f\u00fcr Erwachsene und KinderT\u00fcr-\u00f6ffnen und Begleiten, um wieder in Kontakt mit der eigenen Kraft zu kommen, seine Energie frei fliessen zu lassen und &hellip; <\/p>\n<p class=\"link-more\"><a href=\"https:\/\/wegbegleitung-tierundmensch.ch\/index.php\/menschbegleitung\/\" class=\"more-link\"><span class=\"screen-reader-text\">\u201eMenschbegleitung\u201c <\/span>weiterlesen<\/a><\/p>\n","protected":false},"author":1,"featured_media":0,"parent":0,"menu_order":0,"comment_status":"closed","ping_status":"closed","template":"","meta":[],"_links":{"self":[{"href":"https:\/\/wegbegleitung-tierundmensch.ch\/index.php\/wp-json\/wp\/v2\/pages\/312"}],"collection":[{"href":"https:\/\/wegbegleitung-tierundmensch.ch\/index.php\/wp-json\/wp\/v2\/pages"}],"about":[{"href":"https:\/\/wegbegleitung-tierundmensch.ch\/index.php\/wp-json\/wp\/v2\/types\/page"}],"author":[{"embeddable":true,"href":"https:\/\/wegbegleitung-tierundmensch.ch\/index.php\/wp-json\/wp\/v2\/users\/1"}],"replies":[{"embeddable":true,"href":"https:\/\/wegbegleitung-tierundmensch.ch\/index.php\/wp-json\/wp\/v2\/comments?post=312"}],"version-history":[{"count":24,"href":"https:\/\/wegbegleitung-tierundmensch.ch\/index.php\/wp-json\/wp\/v2\/pages\/312\/revisions"}],"predecessor-version":[{"id":1337,"href":"https:\/\/wegbegleitung-tierundmensch.ch\/index.php\/wp-json\/wp\/v2\/pages\/312\/revisions\/1337"}],"wp:attachment":[{"href":"https:\/\/wegbegleitung-tierundmensch.ch\/index.php\/wp-json\/wp\/v2\/media?parent=312"}],"curies":[{"name":"wp","href":"https:\/\/api.w.org\/{rel}","templated":true}]}}