{"id":296,"date":"2018-12-13T21:10:35","date_gmt":"2018-12-13T21:10:35","guid":{"rendered":"https:\/\/wegbegleitung-tierundmensch.ch\/?page_id=296"},"modified":"2019-01-11T12:50:15","modified_gmt":"2019-01-11T12:50:15","slug":"neue-homoeopathie-und-quantenhwilung","status":"publish","type":"page","link":"https:\/\/wegbegleitung-tierundmensch.ch\/index.php\/neue-homoeopathie-und-quantenhwilung\/","title":{"rendered":"Neue Hom\u00f6opathie und Quantenheilung"},"content":{"rendered":"\n<p>&#8222;Universell einsetzbar, leicht zu lernen und kostet fast nichts&#8220; &#8211; so k\u00f6nnte man in einem Satz das sensible Heilsystem der Neuen Hom\u00f6opathie umschreiben. Mit dieser simplen Methode kann mit wenig \u00dcbung und Verantwortungsbewusstsein jeder Mensch selbst austesten, was die Lebensenergie seines Tieres f\u00f6rdert, schw\u00e4cht oder gar krank machend auf seinen Organismus einwirkt. Denn jeder Mangel, aber auch ein einseitiges Zuviel an bestimmten Heilimpulsen kann das energetische Gleichgewicht st\u00f6ren.<\/p>\n\n\n\n<p>Die Neue Hom\u00f6opathie kommt ganz ohne Pharmaka mit ihren oftmals belastenden Nebenwirkungen aus.<\/p>\n\n\n\n<p>Ich arbeite sehr gerne mit dieser Methode. Mit der Einhandrute teste ich , teils direkt am Tier, teils \u00fcber ein Foto den Belastungsgrad des Tieres oder dessen Umgebung. Anschliessend gleiche ich diese Belastung mit einem hom\u00f6opathischen Zeichen, welches ich mit der Rute austeste, aus.<\/p>\n\n\n\n<p>Ich habe viele Erfahrungen gemacht, bei denen dank den hom\u00f6opathischen Zeichen eine Ver\u00e4nderung beim Tier oder beim Menschen eingetreten ist. <\/p>\n\n\n\n<figure class=\"wp-block-image\"><img loading=\"lazy\" width=\"414\" height=\"487\" src=\"https:\/\/wegbegleitung-tierundmensch.ch\/wp-content\/uploads\/2019\/01\/zeichen.jpg\" alt=\"\" class=\"wp-image-465\" srcset=\"https:\/\/wegbegleitung-tierundmensch.ch\/wp-content\/uploads\/2019\/01\/zeichen.jpg 414w, https:\/\/wegbegleitung-tierundmensch.ch\/wp-content\/uploads\/2019\/01\/zeichen-255x300.jpg 255w\" sizes=\"(max-width: 414px) 100vw, 414px\" \/><\/figure>\n\n\n\n<figure class=\"wp-block-image\"><img loading=\"lazy\" width=\"427\" height=\"491\" src=\"https:\/\/wegbegleitung-tierundmensch.ch\/wp-content\/uploads\/2019\/01\/1zeichen.jpg\" alt=\"\" class=\"wp-image-466\" srcset=\"https:\/\/wegbegleitung-tierundmensch.ch\/wp-content\/uploads\/2019\/01\/1zeichen.jpg 427w, https:\/\/wegbegleitung-tierundmensch.ch\/wp-content\/uploads\/2019\/01\/1zeichen-261x300.jpg 261w\" sizes=\"(max-width: 427px) 100vw, 427px\" \/><\/figure>\n\n\n\n<p>Bei der Quantenheilung arbeite ich mit der Matrix, dem uns umgebenden Feld. Es wird angenommen, dass alles Wissen, alle M\u00f6glichkeiten , alle Mittel zur Heilung bereits im Feld gespeichert sind und diese nur noch aktiviert werden m\u00fcssen. So k\u00f6nnen gewisse unerw\u00fcnschte &#8222;Programme&#8220; (Verhaltensmuster&#8230;) auch gel\u00f6scht werden.<\/p>\n","protected":false},"excerpt":{"rendered":"<p>&#8222;Universell einsetzbar, leicht zu lernen und kostet fast nichts&#8220; &#8211; so k\u00f6nnte man in einem Satz das sensible Heilsystem der Neuen Hom\u00f6opathie umschreiben. Mit dieser simplen Methode kann mit wenig \u00dcbung und Verantwortungsbewusstsein jeder Mensch selbst austesten, was die Lebensenergie seines Tieres f\u00f6rdert, schw\u00e4cht oder gar krank machend auf seinen Organismus einwirkt. Denn jeder Mangel, &hellip; <\/p>\n<p class=\"link-more\"><a href=\"https:\/\/wegbegleitung-tierundmensch.ch\/index.php\/neue-homoeopathie-und-quantenhwilung\/\" class=\"more-link\"><span class=\"screen-reader-text\">\u201eNeue Hom\u00f6opathie und Quantenheilung\u201c <\/span>weiterlesen<\/a><\/p>\n","protected":false},"author":1,"featured_media":0,"parent":0,"menu_order":0,"comment_status":"closed","ping_status":"closed","template":"","meta":[],"_links":{"self":[{"href":"https:\/\/wegbegleitung-tierundmensch.ch\/index.php\/wp-json\/wp\/v2\/pages\/296"}],"collection":[{"href":"https:\/\/wegbegleitung-tierundmensch.ch\/index.php\/wp-json\/wp\/v2\/pages"}],"about":[{"href":"https:\/\/wegbegleitung-tierundmensch.ch\/index.php\/wp-json\/wp\/v2\/types\/page"}],"author":[{"embeddable":true,"href":"https:\/\/wegbegleitung-tierundmensch.ch\/index.php\/wp-json\/wp\/v2\/users\/1"}],"replies":[{"embeddable":true,"href":"https:\/\/wegbegleitung-tierundmensch.ch\/index.php\/wp-json\/wp\/v2\/comments?post=296"}],"version-history":[{"count":4,"href":"https:\/\/wegbegleitung-tierundmensch.ch\/index.php\/wp-json\/wp\/v2\/pages\/296\/revisions"}],"predecessor-version":[{"id":467,"href":"https:\/\/wegbegleitung-tierundmensch.ch\/index.php\/wp-json\/wp\/v2\/pages\/296\/revisions\/467"}],"wp:attachment":[{"href":"https:\/\/wegbegleitung-tierundmensch.ch\/index.php\/wp-json\/wp\/v2\/media?parent=296"}],"curies":[{"name":"wp","href":"https:\/\/api.w.org\/{rel}","templated":true}]}}