{"id":28,"date":"2018-12-03T12:12:55","date_gmt":"2018-12-03T12:12:55","guid":{"rendered":"https:\/\/wegbegleitung-tierundmensch.ch\/?page_id=28"},"modified":"2019-12-26T18:33:14","modified_gmt":"2019-12-26T18:33:14","slug":"angebot-tierkommunikation","status":"publish","type":"page","link":"https:\/\/wegbegleitung-tierundmensch.ch\/index.php\/angebot-tierkommunikation\/","title":{"rendered":"Tierbegleitung"},"content":{"rendered":"\n<p>(alles nach telefonischer oder schriftlicher Vereinbarung)<\/p>\n\n\n\n<ul><li>Gespr\u00e4ch\/Einzelberatung mit Haustieren, sowie Nutz- und wilden Tieren<\/li><li>L\u00f6sen von Konflikten und Missverst\u00e4ndnissen zwischen Tier und Mensch<\/li><li>Trauma-Arbeit mit Tieren<\/li><li>Gespr\u00e4ch mit verstorbenen Tieren<\/li><li>Weiteres  auf Anfrage<\/li><\/ul>\n\n\n\n<p>Bei Bedarf arbeite ich zus\u00e4tzlich zu den Gspr\u00e4chen mit der &#8222;Neuen Hom\u00f6opathie f\u00fcr Tiere&#8220; und der &#8222;Quantenheilung&#8220;.<\/p>\n\n\n\n<figure class=\"wp-block-image\"><img loading=\"lazy\" width=\"1024\" height=\"768\" src=\"https:\/\/wegbegleitung-tierundmensch.ch\/wp-content\/uploads\/2019\/01\/CIMG5167-1024x768.jpg\" alt=\"\" class=\"wp-image-588\" srcset=\"https:\/\/wegbegleitung-tierundmensch.ch\/wp-content\/uploads\/2019\/01\/CIMG5167-1024x768.jpg 1024w, https:\/\/wegbegleitung-tierundmensch.ch\/wp-content\/uploads\/2019\/01\/CIMG5167-300x225.jpg 300w, https:\/\/wegbegleitung-tierundmensch.ch\/wp-content\/uploads\/2019\/01\/CIMG5167-768x576.jpg 768w\" sizes=\"(max-width: 767px) 89vw, (max-width: 1000px) 54vw, (max-width: 1071px) 543px, 580px\" \/><\/figure>\n\n\n\n<p><strong>Energieausgleich:<\/strong><\/p>\n\n\n\n<p>Wie viel ist Dir Dein Tier Wert? Was bedeutet Dir Dein Tier?<br>Ich habe keine fixen Preise festgelegt, sondern \u00fcberlasse es Dir, wie viel Du mir f\u00fcr das Gespr\u00e4ch geben m\u00f6chtest. (Die meisten geben f\u00fcr 60 Minuten 100.-)<br>Ein Gespr\u00e4ch dauert normalerweise zwischen 30-60 Minuten.<\/p>\n","protected":false},"excerpt":{"rendered":"<p>(alles nach telefonischer oder schriftlicher Vereinbarung) Gespr\u00e4ch\/Einzelberatung mit Haustieren, sowie Nutz- und wilden Tieren L\u00f6sen von Konflikten und Missverst\u00e4ndnissen zwischen Tier und Mensch Trauma-Arbeit mit Tieren Gespr\u00e4ch mit verstorbenen Tieren Weiteres auf Anfrage Bei Bedarf arbeite ich zus\u00e4tzlich zu den Gspr\u00e4chen mit der &#8222;Neuen Hom\u00f6opathie f\u00fcr Tiere&#8220; und der &#8222;Quantenheilung&#8220;. Energieausgleich: Wie viel ist Dir &hellip; <\/p>\n<p class=\"link-more\"><a href=\"https:\/\/wegbegleitung-tierundmensch.ch\/index.php\/angebot-tierkommunikation\/\" class=\"more-link\"><span class=\"screen-reader-text\">\u201eTierbegleitung\u201c <\/span>weiterlesen<\/a><\/p>\n","protected":false},"author":1,"featured_media":0,"parent":0,"menu_order":0,"comment_status":"closed","ping_status":"closed","template":"template-fullwidth.php","meta":[],"_links":{"self":[{"href":"https:\/\/wegbegleitung-tierundmensch.ch\/index.php\/wp-json\/wp\/v2\/pages\/28"}],"collection":[{"href":"https:\/\/wegbegleitung-tierundmensch.ch\/index.php\/wp-json\/wp\/v2\/pages"}],"about":[{"href":"https:\/\/wegbegleitung-tierundmensch.ch\/index.php\/wp-json\/wp\/v2\/types\/page"}],"author":[{"embeddable":true,"href":"https:\/\/wegbegleitung-tierundmensch.ch\/index.php\/wp-json\/wp\/v2\/users\/1"}],"replies":[{"embeddable":true,"href":"https:\/\/wegbegleitung-tierundmensch.ch\/index.php\/wp-json\/wp\/v2\/comments?post=28"}],"version-history":[{"count":5,"href":"https:\/\/wegbegleitung-tierundmensch.ch\/index.php\/wp-json\/wp\/v2\/pages\/28\/revisions"}],"predecessor-version":[{"id":650,"href":"https:\/\/wegbegleitung-tierundmensch.ch\/index.php\/wp-json\/wp\/v2\/pages\/28\/revisions\/650"}],"wp:attachment":[{"href":"https:\/\/wegbegleitung-tierundmensch.ch\/index.php\/wp-json\/wp\/v2\/media?parent=28"}],"curies":[{"name":"wp","href":"https:\/\/api.w.org\/{rel}","templated":true}]}}