{"id":268,"date":"2018-12-07T15:19:13","date_gmt":"2018-12-07T15:19:13","guid":{"rendered":"https:\/\/wegbegleitung-tierundmensch.ch\/?page_id=268"},"modified":"2025-12-18T20:05:16","modified_gmt":"2025-12-18T20:05:16","slug":"home","status":"publish","type":"page","link":"https:\/\/wegbegleitung-tierundmensch.ch\/","title":{"rendered":"Home"},"content":{"rendered":"\n<p class=\"has-text-align-center\"><em>Frage dich nicht, was die Welt braucht. Frage dich, was dich lebendig werden l\u00e4sst und dann geh los und tu das. Was die Welt braucht, sind Menschen, die lebendig geworden sind. Howard Thurman (amerik. Philosoph 1899-1981)<\/em><\/p>\n\n\n\n<p class=\"has-text-align-center\"><strong>Willkommen auf unserer Homepage!<\/strong>  <strong>Willkommen auf dem CHRAFTPLATZ!<\/strong><\/p>\n\n\n\n<p class=\"has-text-align-center\">Die neuen Trommelbau-Kurs-Daten sind da! <strong>2.\/3. Mai und 5.\/6. September 2026<\/strong><\/p>\n\n\n\n<figure class=\"wp-block-image size-large\"><img loading=\"lazy\" width=\"1024\" height=\"768\" src=\"https:\/\/wegbegleitung-tierundmensch.ch\/wp-content\/uploads\/2020\/10\/20200701_211936-1024x768.jpg\" alt=\"\" class=\"wp-image-824\" srcset=\"https:\/\/wegbegleitung-tierundmensch.ch\/wp-content\/uploads\/2020\/10\/20200701_211936-1024x768.jpg 1024w, https:\/\/wegbegleitung-tierundmensch.ch\/wp-content\/uploads\/2020\/10\/20200701_211936-300x225.jpg 300w, https:\/\/wegbegleitung-tierundmensch.ch\/wp-content\/uploads\/2020\/10\/20200701_211936-768x576.jpg 768w\" sizes=\"(max-width: 767px) 89vw, (max-width: 1000px) 54vw, (max-width: 1071px) 543px, 580px\" \/><\/figure>\n\n\n\n<figure class=\"wp-block-image size-large\"><img loading=\"lazy\" width=\"1024\" height=\"768\" src=\"https:\/\/wegbegleitung-tierundmensch.ch\/wp-content\/uploads\/2020\/10\/20200725_075107-1024x768.jpg\" alt=\"\" class=\"wp-image-825\" srcset=\"https:\/\/wegbegleitung-tierundmensch.ch\/wp-content\/uploads\/2020\/10\/20200725_075107-1024x768.jpg 1024w, https:\/\/wegbegleitung-tierundmensch.ch\/wp-content\/uploads\/2020\/10\/20200725_075107-300x225.jpg 300w, https:\/\/wegbegleitung-tierundmensch.ch\/wp-content\/uploads\/2020\/10\/20200725_075107-768x576.jpg 768w\" sizes=\"(max-width: 767px) 89vw, (max-width: 1000px) 54vw, (max-width: 1071px) 543px, 580px\" \/><\/figure>\n\n\n\n<p>Danke f\u00fcr dein Vertrauen in uns! M\u00f6gest Du gesegnet sein auf Deinem Weg. Und, wenn es das Universum will, m\u00f6gen sich unsere Wege kreuzen&#8230;<\/p>\n","protected":false},"excerpt":{"rendered":"<p>Frage dich nicht, was die Welt braucht. Frage dich, was dich lebendig werden l\u00e4sst und dann geh los und tu das. Was die Welt braucht, sind Menschen, die lebendig geworden sind. Howard Thurman (amerik. Philosoph 1899-1981) Willkommen auf unserer Homepage! Willkommen auf dem CHRAFTPLATZ! Die neuen Trommelbau-Kurs-Daten sind da! 2.\/3. Mai und 5.\/6. September 2026 &hellip; <\/p>\n<p class=\"link-more\"><a href=\"https:\/\/wegbegleitung-tierundmensch.ch\/\" class=\"more-link\"><span class=\"screen-reader-text\">\u201eHome\u201c <\/span>weiterlesen<\/a><\/p>\n","protected":false},"author":1,"featured_media":0,"parent":0,"menu_order":0,"comment_status":"closed","ping_status":"closed","template":"","meta":[],"_links":{"self":[{"href":"https:\/\/wegbegleitung-tierundmensch.ch\/index.php\/wp-json\/wp\/v2\/pages\/268"}],"collection":[{"href":"https:\/\/wegbegleitung-tierundmensch.ch\/index.php\/wp-json\/wp\/v2\/pages"}],"about":[{"href":"https:\/\/wegbegleitung-tierundmensch.ch\/index.php\/wp-json\/wp\/v2\/types\/page"}],"author":[{"embeddable":true,"href":"https:\/\/wegbegleitung-tierundmensch.ch\/index.php\/wp-json\/wp\/v2\/users\/1"}],"replies":[{"embeddable":true,"href":"https:\/\/wegbegleitung-tierundmensch.ch\/index.php\/wp-json\/wp\/v2\/comments?post=268"}],"version-history":[{"count":37,"href":"https:\/\/wegbegleitung-tierundmensch.ch\/index.php\/wp-json\/wp\/v2\/pages\/268\/revisions"}],"predecessor-version":[{"id":1353,"href":"https:\/\/wegbegleitung-tierundmensch.ch\/index.php\/wp-json\/wp\/v2\/pages\/268\/revisions\/1353"}],"wp:attachment":[{"href":"https:\/\/wegbegleitung-tierundmensch.ch\/index.php\/wp-json\/wp\/v2\/media?parent=268"}],"curies":[{"name":"wp","href":"https:\/\/api.w.org\/{rel}","templated":true}]}}