{"id":248,"date":"2018-12-03T17:13:29","date_gmt":"2018-12-03T17:13:29","guid":{"rendered":"https:\/\/wegbegleitung-tierundmensch.ch\/?page_id=248"},"modified":"2019-01-11T11:08:15","modified_gmt":"2019-01-11T11:08:15","slug":"was-ist-tierkommunikation","status":"publish","type":"page","link":"https:\/\/wegbegleitung-tierundmensch.ch\/index.php\/was-ist-tierkommunikation\/","title":{"rendered":"Was ist Tierkommunikation"},"content":{"rendered":"\n<p>Tierkommunikation ist die telepathische Kommunikation zwischen Mensch und Tier. Die Silbe \u201etele\u201c hat etwas mit Entfernung zu tun und \u201epathie\u201c bezieht sich auf das F\u00fchlen. Es handelt sich hierbei nicht um eine F\u00e4higkeit, die nur einem geringen, besonders begabten Prozentsatz der Menschheit zur Verf\u00fcgung st\u00fcnde, sondern um eine F\u00e4higkeit, die den Wesen jeder Spezies inklusive dem Menschen angeboren ist.<br>Telepathie ist eine Verkn\u00fcpfung, ein direkter Zugang zu der Seele aller Wesen.Es ist eine geistige Verkn\u00fcpfung, die ohne den Kopf einzuschalten funktioniert;es ist das Wissen, was der andere denkt, f\u00fchlt und erlebt, so hautnah, dass fast das eine Wesen zum anderen wird. Die Botschaften werden in Form von Bildern, Empfindungen, einer inneren Stimme sogar von Ger\u00fcchen und Ger\u00e4uschen \u00fcbermittelt. Telepathische Kommunikation vollzieht sich \u00fcber weite Entfernungen durch W\u00e4nde und andere Hindernisse hindurch. F\u00fcr eine Beratung mit einem Tier braucht es also nicht unbedingt dessen k\u00f6rperliche Pr\u00e4senz, sondern reicht es,sich auf das richtige Tier einzustimmen (evtl. mit einer Fotografie, Namen,Geburtsdatum), so \u00e4hnlich, als ob man die richtige Telefonnummer w\u00e4hlt.<br><\/p>\n\n\n\n<p>Nat\u00fcrlich kann es bei Menschen und auch\nbei Tieren vorkommen, dass sie eine Botschaft missverstehen und nicht erfassen,\nbesonders dann, wenn man selber unklar dar\u00fcber ist, was man von ihnen will.\nTiere k\u00f6nnen durch \u00e4ussere Einfl\u00fcsse abgelenkt werden, speziell dann, wenn ihre\nbiologischen Bed\u00fcrfnisse geweckt werden (Essensger\u00fcche, andere Tiere). Dann\nachten sie nicht auf das, was wir ihnen sagen. Man muss ihre Aufmerksamkeit und\nihre Erlaubnis haben, um im Rahmen ihres Erfahrungsbereiches mit ihnen zu\nkommunizieren.<br>\n(Literatur:&nbsp; Gespr\u00e4che mit Tieren, Penelope Smith)<\/p>\n\n\n\n<figure class=\"wp-block-image\"><img loading=\"lazy\" width=\"768\" height=\"1024\" src=\"https:\/\/wegbegleitung-tierundmensch.ch\/wp-content\/uploads\/2019\/01\/CIMG5103-768x1024.jpg\" alt=\"\" class=\"wp-image-462\" srcset=\"https:\/\/wegbegleitung-tierundmensch.ch\/wp-content\/uploads\/2019\/01\/CIMG5103-768x1024.jpg 768w, https:\/\/wegbegleitung-tierundmensch.ch\/wp-content\/uploads\/2019\/01\/CIMG5103-225x300.jpg 225w, https:\/\/wegbegleitung-tierundmensch.ch\/wp-content\/uploads\/2019\/01\/CIMG5103.jpg 1920w\" sizes=\"(max-width: 767px) 89vw, (max-width: 1000px) 54vw, (max-width: 1071px) 543px, 580px\" \/><\/figure>\n\n\n\n<p><strong>Was kann\nTierkommunikation?<\/strong><\/p>\n\n\n\n<ul><li>Antworten auf Fragen bekommen aus Sicht der Tiere<\/li><li>Verhaltensweisen, Gewohnheiten und Perspektiven des Tieres verstehen<\/li><li>Missverst\u00e4ndnisse kl\u00e4ren<\/li><li>Seelische Blockaden und Traumata l\u00f6sen<\/li><li>K\u00f6rperliches Empfinden und Gesundheit des Tieres wiedergeben<\/li><li>Psychosomatische Aspekte von Krankheiten oder Verletzungen, die nicht auf tier\u00e4rztliche Behandlungen ansprechen, aufdecken<\/li><li>Beziehung\/Partnerschaft\/Zusammenarbeit zwischen Mensch und Tier      st\u00e4rken\/intensivieren&nbsp;&nbsp;&nbsp;&nbsp;&nbsp;&nbsp;&nbsp;&nbsp;&nbsp;&nbsp;<\/li><\/ul>\n\n\n\n<p><strong>Was kann Tierkommunikation nicht?<\/strong><\/p>\n\n\n\n<ul><li>Tiere manipulieren, gegen ihren Willen zu etwas bewegen<\/li><li>Diagnosen stellen<\/li><li>Den Tierarzt ersetzen<\/li><\/ul>\n","protected":false},"excerpt":{"rendered":"<p>Tierkommunikation ist die telepathische Kommunikation zwischen Mensch und Tier. Die Silbe \u201etele\u201c hat etwas mit Entfernung zu tun und \u201epathie\u201c bezieht sich auf das F\u00fchlen. Es handelt sich hierbei nicht um eine F\u00e4higkeit, die nur einem geringen, besonders begabten Prozentsatz der Menschheit zur Verf\u00fcgung st\u00fcnde, sondern um eine F\u00e4higkeit, die den Wesen jeder Spezies inklusive &hellip; <\/p>\n<p class=\"link-more\"><a href=\"https:\/\/wegbegleitung-tierundmensch.ch\/index.php\/was-ist-tierkommunikation\/\" class=\"more-link\"><span class=\"screen-reader-text\">\u201eWas ist Tierkommunikation\u201c <\/span>weiterlesen<\/a><\/p>\n","protected":false},"author":1,"featured_media":0,"parent":0,"menu_order":0,"comment_status":"closed","ping_status":"closed","template":"","meta":[],"_links":{"self":[{"href":"https:\/\/wegbegleitung-tierundmensch.ch\/index.php\/wp-json\/wp\/v2\/pages\/248"}],"collection":[{"href":"https:\/\/wegbegleitung-tierundmensch.ch\/index.php\/wp-json\/wp\/v2\/pages"}],"about":[{"href":"https:\/\/wegbegleitung-tierundmensch.ch\/index.php\/wp-json\/wp\/v2\/types\/page"}],"author":[{"embeddable":true,"href":"https:\/\/wegbegleitung-tierundmensch.ch\/index.php\/wp-json\/wp\/v2\/users\/1"}],"replies":[{"embeddable":true,"href":"https:\/\/wegbegleitung-tierundmensch.ch\/index.php\/wp-json\/wp\/v2\/comments?post=248"}],"version-history":[{"count":5,"href":"https:\/\/wegbegleitung-tierundmensch.ch\/index.php\/wp-json\/wp\/v2\/pages\/248\/revisions"}],"predecessor-version":[{"id":463,"href":"https:\/\/wegbegleitung-tierundmensch.ch\/index.php\/wp-json\/wp\/v2\/pages\/248\/revisions\/463"}],"wp:attachment":[{"href":"https:\/\/wegbegleitung-tierundmensch.ch\/index.php\/wp-json\/wp\/v2\/media?parent=248"}],"curies":[{"name":"wp","href":"https:\/\/api.w.org\/{rel}","templated":true}]}}