{"id":20,"date":"2018-12-03T12:10:45","date_gmt":"2018-12-03T12:10:45","guid":{"rendered":"https:\/\/wegbegleitung-tierundmensch.ch\/?page_id=20"},"modified":"2021-02-19T05:49:44","modified_gmt":"2021-02-19T05:49:44","slug":"wilde-tiere","status":"publish","type":"page","link":"https:\/\/wegbegleitung-tierundmensch.ch\/index.php\/wilde-tiere\/","title":{"rendered":"Spezielle F\u00e4lle"},"content":{"rendered":"\n<p><strong>Wilde Tiere<\/strong><\/p>\n\n\n\n<p>Eine telepathische Verbindung mit wilden Tieren ist prinzipiell m\u00f6glich, je nach Art des Tieres aber erheblich schwieriger als mit Haustieren. Wilde Tiere sind es sich weniger\/nicht gewohnt mit Menschen in Kontakt zu treten, sind oft Fluchttiere und dadurch scheuer und schneller durch andere Einfl\u00fcsse abgelenkt.<\/p>\n\n\n\n<figure class=\"wp-block-image size-large is-resized\"><img loading=\"lazy\" src=\"https:\/\/wegbegleitung-tierundmensch.ch\/wp-content\/uploads\/2021\/02\/original_file_lock.jpg\" alt=\"\" class=\"wp-image-963\" width=\"675\" height=\"647\" srcset=\"https:\/\/wegbegleitung-tierundmensch.ch\/wp-content\/uploads\/2021\/02\/original_file_lock.jpg 784w, https:\/\/wegbegleitung-tierundmensch.ch\/wp-content\/uploads\/2021\/02\/original_file_lock-300x288.jpg 300w, https:\/\/wegbegleitung-tierundmensch.ch\/wp-content\/uploads\/2021\/02\/original_file_lock-768x737.jpg 768w\" sizes=\"(max-width: 675px) 100vw, 675px\" \/><\/figure>\n\n\n\n<p><strong>Verstorbene Tiere<\/strong><\/p>\n\n\n\n<p>Da bei der Tierkommunikation mit der Seele des Tieres, welche auch ausserhalb des K\u00f6rpers noch existiert, Kontakt aufgenommen wird, ist eine telepathische Verbindung auch mit verstorbenen Tieren m\u00f6glich.<br>Tiere k\u00f6nnen uns so vom Jenseits berichten. Sie haben einen direkten Zugang zu ihren vorherigen Leben und berichten dar\u00fcber, wenn man sie darum bittet. Manchmal kann dies sehr wertvoll und n\u00fctzlich sein, um bestimmte Verhaltensweisen und Empfindungen des Tieres nachvollziehen zu k\u00f6nnen. So versteht ein Menschen pl\u00f6tzlich, warum seine Katze sich verh\u00e4lt, wie ein Hund, wenn auskommt, dass diese in ihrem vorderen Leben ein Hund war.<br>Zu diesem Thema habe ich auch einen Erlebnisbericht aufgeschrieben.<\/p>\n\n\n\n<p>Oft kehren verstorbene Tiere, wenn sie dies wollen, zu ihren Menschen zur\u00fcck. Meist wissen sie genau, als welches Tier, wann und wo ihre Seele reinkarnieren\/zur\u00fcckkehren wird. Auch hier kann die Tierkommunikation hilfreich sein.<\/p>\n\n\n\n<figure class=\"wp-block-image\"><img loading=\"lazy\" width=\"768\" height=\"1024\" src=\"https:\/\/wegbegleitung-tierundmensch.ch\/wp-content\/uploads\/2019\/01\/CIMG5108-768x1024.jpg\" alt=\"\" class=\"wp-image-459\" srcset=\"https:\/\/wegbegleitung-tierundmensch.ch\/wp-content\/uploads\/2019\/01\/CIMG5108-768x1024.jpg 768w, https:\/\/wegbegleitung-tierundmensch.ch\/wp-content\/uploads\/2019\/01\/CIMG5108-225x300.jpg 225w, https:\/\/wegbegleitung-tierundmensch.ch\/wp-content\/uploads\/2019\/01\/CIMG5108.jpg 1920w\" sizes=\"(max-width: 767px) 89vw, (max-width: 1000px) 54vw, (max-width: 1071px) 543px, 580px\" \/><\/figure>\n\n\n\n<p><strong>Vermisste\/verschwundene Tiere<\/strong><\/p>\n\n\n\n<p>KundInnen rufen Tierkommunikator\/innen aus den verschiedensten Gr\u00fcnden an, aber die bei weitem komplizierteste Herausforderung sind verschwundene oder gestohlene Tiere. Dies ist das Schwierigste in Hinsicht auf die involvierten Menschen und wie damit umzugehen ist. Viele Tierkommunikator\/innen werden sogar ablehnen, dieses Thema anzugehen. Warum?<\/p>\n\n\n\n<p>Wenn ein Tier verschwindet, \u00fcberschlagen sich die Gef\u00fchle, sowohl beim Tier als auch beim Menschen. Die Menschen f\u00fchlen sich normalerweise abgetrennt vom Tier und dies beeintr\u00e4chtigt unmittelbar die telepathische Verbindung mit dem Tier. Zus\u00e4tzlich noch k\u00f6nnen die Tiere selbst schwerwiegend frustriert sein.<br>So ist es also fast unm\u00f6glich, eine klare Verbindung zu einem verschwundenen Tier zu bekommen. Die oben erw\u00e4hnten Faktoren machen es sehr schwierig. Gew\u00f6hnlich kann auch nicht angegeben werden, ob das Tier tot oder lebendig ist. Wegen all dieser Umst\u00e4nde ist die Verl\u00e4sslichkeit einer Kommunikation mit einem verschwundenen Tier im besten Fall sehr gering. Aus pers\u00f6nlichen Gr\u00fcnden&nbsp;biete ich das Suchen von vermissten Tieren nicht mehr an.<br>(Literatur: Species Link, Dawn Hayman)<br><\/p>\n","protected":false},"excerpt":{"rendered":"<p>Wilde Tiere Eine telepathische Verbindung mit wilden Tieren ist prinzipiell m\u00f6glich, je nach Art des Tieres aber erheblich schwieriger als mit Haustieren. Wilde Tiere sind es sich weniger\/nicht gewohnt mit Menschen in Kontakt zu treten, sind oft Fluchttiere und dadurch scheuer und schneller durch andere Einfl\u00fcsse abgelenkt. Verstorbene Tiere Da bei der Tierkommunikation mit der &hellip; <\/p>\n<p class=\"link-more\"><a href=\"https:\/\/wegbegleitung-tierundmensch.ch\/index.php\/wilde-tiere\/\" class=\"more-link\"><span class=\"screen-reader-text\">\u201eSpezielle F\u00e4lle\u201c <\/span>weiterlesen<\/a><\/p>\n","protected":false},"author":1,"featured_media":0,"parent":0,"menu_order":0,"comment_status":"closed","ping_status":"closed","template":"","meta":[],"_links":{"self":[{"href":"https:\/\/wegbegleitung-tierundmensch.ch\/index.php\/wp-json\/wp\/v2\/pages\/20"}],"collection":[{"href":"https:\/\/wegbegleitung-tierundmensch.ch\/index.php\/wp-json\/wp\/v2\/pages"}],"about":[{"href":"https:\/\/wegbegleitung-tierundmensch.ch\/index.php\/wp-json\/wp\/v2\/types\/page"}],"author":[{"embeddable":true,"href":"https:\/\/wegbegleitung-tierundmensch.ch\/index.php\/wp-json\/wp\/v2\/users\/1"}],"replies":[{"embeddable":true,"href":"https:\/\/wegbegleitung-tierundmensch.ch\/index.php\/wp-json\/wp\/v2\/comments?post=20"}],"version-history":[{"count":9,"href":"https:\/\/wegbegleitung-tierundmensch.ch\/index.php\/wp-json\/wp\/v2\/pages\/20\/revisions"}],"predecessor-version":[{"id":964,"href":"https:\/\/wegbegleitung-tierundmensch.ch\/index.php\/wp-json\/wp\/v2\/pages\/20\/revisions\/964"}],"wp:attachment":[{"href":"https:\/\/wegbegleitung-tierundmensch.ch\/index.php\/wp-json\/wp\/v2\/media?parent=20"}],"curies":[{"name":"wp","href":"https:\/\/api.w.org\/{rel}","templated":true}]}}