{"id":10,"date":"2018-12-03T12:07:49","date_gmt":"2018-12-03T12:07:49","guid":{"rendered":"https:\/\/wegbegleitung-tierundmensch.ch\/?page_id=10"},"modified":"2023-08-04T04:49:17","modified_gmt":"2023-08-04T04:49:17","slug":"rhea-pan","status":"publish","type":"page","link":"https:\/\/wegbegleitung-tierundmensch.ch\/index.php\/rhea-pan\/","title":{"rendered":"Rhea &#038; Pan, Malik &#038; Mimis, H\u00fchner und Eringer K\u00fche"},"content":{"rendered":"\n<p>Rhea und Pan erblickten am 08. Mai 2008 in Zuchwil (SO) ihr Leben. Sie teilten sich als Zwillingsseelen die Geb\u00e4rmutter einer wundersch\u00f6nen Kurzhaarperser-Mutter. Die enge Verbundenheit und Seelenverwandtschaft der beiden ist vom ersten Tag an sehr eng.<\/p>\n\n\n\n<p>Rhea ist eine wundervolle Lehrerin, der ich einen grossen Teil meines Weges verdanke. Ich bin Rhea unglaublich dankbar, f\u00fcr ihre Geduld, ihre Beharrlichkeit, mir Dinge verst\u00e4ndlich zu machen und ihre enorme Herzlichkeit und Heiterkeit. Heute hat sie in unserer Familie die Aufgabe, Harmonie und Heiterkeit zu verbreiten und traurige, sch\u00fcchterne oder kranke Seelen und Herzen zu \u00f6ffnen\/heilen. Sie gleicht Energien aus und harmonisiert. Rhea ist mir eine grosse Unterst\u00fctzung und Freundin. Seit wir aufs Land gezogen sind, bl\u00fcht sie unglaublich auf, in ihrer weiblichen, runden, liebevollen Art.<\/p>\n\n\n\n<p>Rhea`s Botschaft: \u201eIch bin. Ich begleite\nJudith auf ihrem spirituellen Weg, bin ihre Lehrerin. Geh ans Licht und finde\nzu Deiner Kindlichkeit und Verspieltheit zur\u00fcck.\u201c<\/p>\n\n\n\n<figure class=\"wp-block-image\"><img loading=\"lazy\" width=\"1024\" height=\"768\" src=\"https:\/\/wegbegleitung-tierundmensch.ch\/wp-content\/uploads\/2019\/01\/CIMG2102-1024x768.jpg\" alt=\"\" class=\"wp-image-445\" srcset=\"https:\/\/wegbegleitung-tierundmensch.ch\/wp-content\/uploads\/2019\/01\/CIMG2102-1024x768.jpg 1024w, https:\/\/wegbegleitung-tierundmensch.ch\/wp-content\/uploads\/2019\/01\/CIMG2102-300x225.jpg 300w, https:\/\/wegbegleitung-tierundmensch.ch\/wp-content\/uploads\/2019\/01\/CIMG2102-768x576.jpg 768w\" sizes=\"(max-width: 767px) 89vw, (max-width: 1000px) 54vw, (max-width: 1071px) 543px, 580px\" \/><\/figure>\n\n\n\n<p>Bei Pan dauerte es etwas l\u00e4nger, bis wir\neinander voll und ganz vertrauen konnten. Erst als ich in Pan seine f\u00fcr unsere\nFamilie lebenswichtigen und unglaublich wertvollen F\u00e4higkeiten erkannte, wurde\nunsere Liebe und Freundschaft definitiv besiegelt. Ich danke Pan f\u00fcr seine\nsensiblen Antennen, seinen Sanftmut, seinen Besch\u00fctzerinstinkt und seine\nAusgeglichenheit (Zen-Kater). Pan`s Aufgabe besteht darin unsere Familie zu\nsch\u00fctzen vor materiellen, wie spirituellen Gefahren, uns \u00fcber kommende\nEinfl\u00fcsse zu warnen oder zu informieren. Er k\u00f6nnte seine Aufgabe nicht besser\nmeistern und ich k\u00f6nnte seinen Worten und Bildern nicht mehr vertrauen als\nsonst jemandem! &#8222;Und wie ich Dich ehre, lieber Pan, Du bist ein wahrer\nM\u00e4usej\u00e4ger. Danke, f\u00fcr all Deine Geschenke!&#8220;<\/p>\n\n\n\n<p>Pan`s Botschaft: \u201eIch bin. Ich sp\u00fcre. Ich nehme wahr und auf. Ich bin sorgf\u00e4ltig, liebevoll und sanft. Ich bin verbunden mit der Natur.\u201c<\/p>\n\n\n\n<figure class=\"wp-block-image\"><img loading=\"lazy\" width=\"768\" height=\"1024\" src=\"https:\/\/wegbegleitung-tierundmensch.ch\/wp-content\/uploads\/2019\/01\/CIMG3581-768x1024.jpg\" alt=\"\" class=\"wp-image-450\" srcset=\"https:\/\/wegbegleitung-tierundmensch.ch\/wp-content\/uploads\/2019\/01\/CIMG3581-768x1024.jpg 768w, https:\/\/wegbegleitung-tierundmensch.ch\/wp-content\/uploads\/2019\/01\/CIMG3581-225x300.jpg 225w, https:\/\/wegbegleitung-tierundmensch.ch\/wp-content\/uploads\/2019\/01\/CIMG3581.jpg 1920w\" sizes=\"(max-width: 767px) 89vw, (max-width: 1000px) 54vw, (max-width: 1071px) 543px, 580px\" \/><\/figure>\n\n\n\n<p>Nanuk, ein roter Tiger erg\u00e4nzt seit dem Sommer 2019 unsere Familie. Unsere Tochter rief ihn und er kam. Und wie! Sein Wesen ist so aufgeschlossen und furchtlos, ja er macht einem und vor allem unserer Tochter, Mut. Mut, sich ins Leben zu st\u00fcrzen, JA zu sagen und in Bewegung zu sein. Treu wie ein Hund in einem Katzenk\u00f6rper begleitet er uns bei Spazierg\u00e4ngen und verbindet sich mit dem Wald. &#8222;Oh, lieber Nanuk (Eisb\u00e4r), ja Du hast eine dicke Haut, Du bist hart im nehmen, doch ich sehe, Dein Herz ruft nach Liebe! Familienliebe. Diese sollst Du bekommen. Willkommen!&#8220; Im Herbst 2020 mussten wir Nanuk nach einem schweren Unfall erl\u00f6sen. Seine Seele ging nie ganz weg. So reinkarnierte er im Fr\u00fchling 2021 in einen neuen K\u00f6rper. &#8222;Willkommen zur\u00fcck mit neuem Namen: Malik!&#8220;<\/p>\n\n\n\n<p>&#8222;Willkommen auch Du lieber Mimis, welcher Du Dein Bruder Malik begleitest.&#8220; Friedfertig und charmant ist das Wesen von Mimis. Ein richtiger Schmuser! &#8222;Ja, Du bringst so viel Liebe  in die Familie, danke Dir!&#8220;<\/p>\n\n\n\n<figure class=\"wp-block-image size-large\"><img loading=\"lazy\" width=\"768\" height=\"1024\" src=\"https:\/\/wegbegleitung-tierundmensch.ch\/wp-content\/uploads\/2020\/11\/20200731_200104-768x1024.jpg\" alt=\"\" class=\"wp-image-916\" srcset=\"https:\/\/wegbegleitung-tierundmensch.ch\/wp-content\/uploads\/2020\/11\/20200731_200104-768x1024.jpg 768w, https:\/\/wegbegleitung-tierundmensch.ch\/wp-content\/uploads\/2020\/11\/20200731_200104-225x300.jpg 225w\" sizes=\"(max-width: 767px) 89vw, (max-width: 1000px) 54vw, (max-width: 1071px) 543px, 580px\" \/><\/figure>\n\n\n\n<figure class=\"wp-block-image size-large\"><img loading=\"lazy\" width=\"768\" height=\"1024\" src=\"https:\/\/wegbegleitung-tierundmensch.ch\/wp-content\/uploads\/2021\/08\/20210727_103228-768x1024.jpg\" alt=\"\" class=\"wp-image-1014\" srcset=\"https:\/\/wegbegleitung-tierundmensch.ch\/wp-content\/uploads\/2021\/08\/20210727_103228-768x1024.jpg 768w, https:\/\/wegbegleitung-tierundmensch.ch\/wp-content\/uploads\/2021\/08\/20210727_103228-225x300.jpg 225w, https:\/\/wegbegleitung-tierundmensch.ch\/wp-content\/uploads\/2021\/08\/20210727_103228-1152x1536.jpg 1152w, https:\/\/wegbegleitung-tierundmensch.ch\/wp-content\/uploads\/2021\/08\/20210727_103228-1536x2048.jpg 1536w, https:\/\/wegbegleitung-tierundmensch.ch\/wp-content\/uploads\/2021\/08\/20210727_103228-scaled.jpg 1920w\" sizes=\"(max-width: 767px) 89vw, (max-width: 1000px) 54vw, (max-width: 1071px) 543px, 580px\" \/><\/figure>\n\n\n\n<p>Gesegnet seid ihr, ihr lieben H\u00fchnerfreundinnen! Danke f\u00fcr eure Eiergaben, danke f\u00fcr euer Sein und eure heitere Wesen! Danke lieber Gockel, Du farbenpr\u00e4chtiger guter Mann!<\/p>\n\n\n\n<figure class=\"wp-block-image size-large is-resized\"><img loading=\"lazy\" src=\"https:\/\/wegbegleitung-tierundmensch.ch\/wp-content\/uploads\/2020\/10\/20200415_155225-1-768x1024.jpg\" alt=\"\" class=\"wp-image-820\" width=\"634\" height=\"844\" srcset=\"https:\/\/wegbegleitung-tierundmensch.ch\/wp-content\/uploads\/2020\/10\/20200415_155225-1-768x1024.jpg 768w, https:\/\/wegbegleitung-tierundmensch.ch\/wp-content\/uploads\/2020\/10\/20200415_155225-1-225x300.jpg 225w\" sizes=\"(max-width: 634px) 100vw, 634px\" \/><\/figure>\n\n\n\n<figure class=\"wp-block-image size-large\"><img loading=\"lazy\" width=\"1024\" height=\"768\" src=\"https:\/\/wegbegleitung-tierundmensch.ch\/wp-content\/uploads\/2023\/08\/20230508_115905-1024x768.jpg\" alt=\"\" class=\"wp-image-1264\" srcset=\"https:\/\/wegbegleitung-tierundmensch.ch\/wp-content\/uploads\/2023\/08\/20230508_115905-1024x768.jpg 1024w, https:\/\/wegbegleitung-tierundmensch.ch\/wp-content\/uploads\/2023\/08\/20230508_115905-300x225.jpg 300w, https:\/\/wegbegleitung-tierundmensch.ch\/wp-content\/uploads\/2023\/08\/20230508_115905-768x576.jpg 768w, https:\/\/wegbegleitung-tierundmensch.ch\/wp-content\/uploads\/2023\/08\/20230508_115905-1536x1152.jpg 1536w, https:\/\/wegbegleitung-tierundmensch.ch\/wp-content\/uploads\/2023\/08\/20230508_115905-2048x1536.jpg 2048w\" sizes=\"(max-width: 767px) 89vw, (max-width: 1000px) 54vw, (max-width: 1071px) 543px, 580px\" \/><\/figure>\n\n\n\n<p>Danke ihr sanften, kraftvollen Eringer Kuhdamen! So viel Schutz und Hingabe sendet ihr aus.<\/p>\n\n\n\n<figure class=\"wp-block-image size-large\"><img loading=\"lazy\" width=\"1024\" height=\"849\" src=\"https:\/\/wegbegleitung-tierundmensch.ch\/wp-content\/uploads\/2023\/08\/20230425_164134-1024x849.jpg\" alt=\"\" class=\"wp-image-1265\" srcset=\"https:\/\/wegbegleitung-tierundmensch.ch\/wp-content\/uploads\/2023\/08\/20230425_164134-1024x849.jpg 1024w, https:\/\/wegbegleitung-tierundmensch.ch\/wp-content\/uploads\/2023\/08\/20230425_164134-300x249.jpg 300w, https:\/\/wegbegleitung-tierundmensch.ch\/wp-content\/uploads\/2023\/08\/20230425_164134-768x637.jpg 768w, https:\/\/wegbegleitung-tierundmensch.ch\/wp-content\/uploads\/2023\/08\/20230425_164134-1536x1274.jpg 1536w, https:\/\/wegbegleitung-tierundmensch.ch\/wp-content\/uploads\/2023\/08\/20230425_164134-2048x1699.jpg 2048w\" sizes=\"(max-width: 767px) 89vw, (max-width: 1000px) 54vw, (max-width: 1071px) 543px, 580px\" \/><\/figure>\n","protected":false},"excerpt":{"rendered":"<p>Rhea und Pan erblickten am 08. Mai 2008 in Zuchwil (SO) ihr Leben. Sie teilten sich als Zwillingsseelen die Geb\u00e4rmutter einer wundersch\u00f6nen Kurzhaarperser-Mutter. Die enge Verbundenheit und Seelenverwandtschaft der beiden ist vom ersten Tag an sehr eng. Rhea ist eine wundervolle Lehrerin, der ich einen grossen Teil meines Weges verdanke. Ich bin Rhea unglaublich dankbar, &hellip; <\/p>\n<p class=\"link-more\"><a href=\"https:\/\/wegbegleitung-tierundmensch.ch\/index.php\/rhea-pan\/\" class=\"more-link\"><span class=\"screen-reader-text\">\u201eRhea &#038; Pan, Malik &#038; Mimis, H\u00fchner und Eringer K\u00fche\u201c <\/span>weiterlesen<\/a><\/p>\n","protected":false},"author":1,"featured_media":0,"parent":0,"menu_order":0,"comment_status":"closed","ping_status":"closed","template":"","meta":[],"_links":{"self":[{"href":"https:\/\/wegbegleitung-tierundmensch.ch\/index.php\/wp-json\/wp\/v2\/pages\/10"}],"collection":[{"href":"https:\/\/wegbegleitung-tierundmensch.ch\/index.php\/wp-json\/wp\/v2\/pages"}],"about":[{"href":"https:\/\/wegbegleitung-tierundmensch.ch\/index.php\/wp-json\/wp\/v2\/types\/page"}],"author":[{"embeddable":true,"href":"https:\/\/wegbegleitung-tierundmensch.ch\/index.php\/wp-json\/wp\/v2\/users\/1"}],"replies":[{"embeddable":true,"href":"https:\/\/wegbegleitung-tierundmensch.ch\/index.php\/wp-json\/wp\/v2\/comments?post=10"}],"version-history":[{"count":13,"href":"https:\/\/wegbegleitung-tierundmensch.ch\/index.php\/wp-json\/wp\/v2\/pages\/10\/revisions"}],"predecessor-version":[{"id":1267,"href":"https:\/\/wegbegleitung-tierundmensch.ch\/index.php\/wp-json\/wp\/v2\/pages\/10\/revisions\/1267"}],"wp:attachment":[{"href":"https:\/\/wegbegleitung-tierundmensch.ch\/index.php\/wp-json\/wp\/v2\/media?parent=10"}],"curies":[{"name":"wp","href":"https:\/\/api.w.org\/{rel}","templated":true}]}}